{"id":9,"date":"2024-06-15T16:45:35","date_gmt":"2024-06-15T16:45:35","guid":{"rendered":"http:\/\/localhost:10022\/?page_id=9"},"modified":"2025-10-15T07:39:52","modified_gmt":"2025-10-15T07:39:52","slug":"home","status":"publish","type":"page","link":"https:\/\/demo.labella-consulting.de\/","title":{"rendered":"Start"},"content":{"rendered":"\n\t<section class=\"section dark\" id=\"section_128426197\">\n\t\t<div class=\"section-bg fill\" >\n\t\t\t\t\t\t\t\t\t\n\t\t\t\n\n\t\t<\/div>\n\n\t\t\n\n\t\t<div class=\"section-content relative\">\n\t\t\t\n\n  <div class=\"banner has-hover\" id=\"banner-99380871\">\n          <div class=\"banner-inner fill\">\n        <div class=\"banner-bg fill\" >\n            <img loading=\"lazy\" decoding=\"async\" width=\"1020\" height=\"680\" src=\"https:\/\/demo.labella-consulting.de\/wp-content\/uploads\/2025\/08\/Gross-abstract-bright-pastel-pattern-background-2025-02-10-11-04-11-utc-1024x683.jpeg\" class=\"bg attachment-large size-large\" alt=\"\" \/>                                    \n                    <\/div>\n\t\t\n        <div class=\"banner-layers container\">\n            <div class=\"fill banner-link\"><\/div>            \n   <div id=\"text-box-1783495787\" class=\"text-box banner-layer x50 md-x50 lg-x50 y50 md-y50 lg-y50 res-text\">\n                     <div data-animate=\"flipInX\">           <div class=\"text-box-content text dark text-shadow-1\">\n              \n              <div class=\"text-inner text-center\">\n                  \n\t<div id=\"text-3714338041\" class=\"text\">\n\t\t\n<p>Ihre Anlaufstelle f\u00fcr mentale Gesundheit<\/p>\n<h3 class=\"uppercase\"><strong>Akademie f\u00fcr Mentale Gesundheit &amp; Lebensgestaltung<\/strong><\/h3>\n<p>Psychologische Online-Beratung \u00b7 Tages- und Jahresmitgliedschaften<br \/>\nUnterst\u00fctzung f\u00fcr Betroffene, Angeh\u00f6rige &amp; Unternehmen<\/p>\n\t\t\n<style>\n#text-3714338041 {\n  color: rgb(69, 69, 69);\n}\n#text-3714338041 > * {\n  color: rgb(69, 69, 69);\n}\n<\/style>\n\t<\/div>\n\t\n              <\/div>\n           <\/div>\n       <\/div>                     \n<style>\n#text-box-1783495787 {\n  width: 100%;\n}\n#text-box-1783495787 .text-box-content {\n  font-size: 100%;\n}\n@media (min-width:550px) {\n  #text-box-1783495787 {\n    width: 60%;\n  }\n}\n<\/style>\n    <\/div>\n \n        <\/div>\n      <\/div>\n\n            \n<style>\n#banner-99380871 {\n  padding-top: 119%;\n}\n#banner-99380871 .banner-bg img {\n  object-position: 80% 0%;\n}\n@media (min-width:550px) {\n  #banner-99380871 {\n    padding-top: 25%;\n  }\n}\n<\/style>\n  <\/div>\n\n\n\t\t<\/div>\n\n\t\t\n<style>\n#section_128426197 {\n  padding-top: 13px;\n  padding-bottom: 13px;\n  background-color: rgb(135, 107, 205);\n}\n<\/style>\n\t<\/section>\n\t\n\n\t<section class=\"section home-hero\" id=\"section_1201643978\">\n\t\t<div class=\"section-bg fill\" >\n\t\t\t\t\t\t\t\t\t\n\t\t\t\n\n\t\t<\/div>\n\n\t\t\n\n\t\t<div class=\"section-content relative\">\n\t\t\t\n<div class=\"row\"  id=\"row-794339728\">\n\n\t<div id=\"col-816214337\" class=\"col medium-8 small-12 large-8\"  >\n\t\t\t\t<div class=\"col-inner text-center\"  >\n\t\t\t\n\t\t\t\n<h1>Sie sind nicht allein \u2013 mentale Gesundheit braucht Gemeinschaft<\/h1>\n<p><strong>Herzlich willkommen bei der Akademie f\u00fcr mentale Gesundheit &amp; Lebensgestaltung.<\/strong><\/p>\n<p>Psychische Belastungen und Erkrankungen z\u00e4hlen zu den gr\u00f6\u00dften Herausforderungen unserer Zeit \u2013 f\u00fcr Betroffene, Angeh\u00f6rige und unsere gesamte Gesellschaft. Als interdisziplin\u00e4res Expertenteam mit langj\u00e4hriger Erfahrung stehen wir Ihnen vertrauensvoll zur Seite. Unsere Akademie vereint fundiertes psychologisches Wissen, gelebte Beratungspraxis und gesellschaftliche Verantwortung.<\/p>\n<p>Wir bieten Ihnen wissenschaftlich fundierte Online-Beratung, praxiserprobte Informationen und professionelle Unterst\u00fctzung \u2013 sowohl f\u00fcr Menschen mit mentalen Belastungen als auch f\u00fcr Angeh\u00f6rige und Unternehmen. Unser Ansatz ist offen, empathisch und stets l\u00f6sungsorientiert.<\/p>\n<p>Entdecken Sie unsere flexiblen Beratungsmodelle: von der einmaligen, diskreten Tagesmitgliedschaft bis hin zur umfassenden F\u00f6rdermitgliedschaft. Profitieren Sie zus\u00e4tzlich von unseren exklusiven Netzwerk-Events und qualit\u00e4tsgesicherten Workshops. Gemeinsam setzen wir uns f\u00fcr mehr mentale Gesundheit, Lebensqualit\u00e4t und einen starken gesellschaftlichen Zusammenhalt ein.<\/p>\n\t\t<\/div>\n\t\t\t\t\t<\/div>\n\n\t\n\n\t<div id=\"col-1897347743\" class=\"col medium-4 small-12 large-4\"  >\n\t\t\t\t<div class=\"col-inner\"  >\n\t\t\t\n\t\t\t\n\t<div class=\"box has-hover   has-hover box-text-bottom\" >\n\n\t\t<div class=\"box-image\" >\n\t\t\t\t\t\t<div class=\"image-cover\" style=\"padding-top:105%;\">\n\t\t\t\t<img loading=\"lazy\" decoding=\"async\" width=\"262\" height=\"380\" src=\"https:\/\/demo.labella-consulting.de\/wp-content\/uploads\/2025\/05\/Corinna_Busch-1.jpg\" class=\"attachment- size-\" alt=\"\" srcset=\"https:\/\/demo.labella-consulting.de\/wp-content\/uploads\/2025\/05\/Corinna_Busch-1.jpg 262w, https:\/\/demo.labella-consulting.de\/wp-content\/uploads\/2025\/05\/Corinna_Busch-1-207x300.jpg 207w\" sizes=\"auto, (max-width: 262px) 100vw, 262px\" \/>\t\t\t\t\t\t\t\t\t\t\t<\/div>\n\t\t\t\t\t<\/div>\n\n\t\t<div class=\"box-text text-center\" >\n\t\t\t<div class=\"box-text-inner\">\n\t\t\t\t\n\t\t\t<\/div>\n\t\t<\/div>\n\t<\/div>\n\t\n\t\t<\/div>\n\t\t\t\t\t<\/div>\n\n\t\n<\/div>\n\t\t<\/div>\n\n\t\t\n<style>\n#section_1201643978 {\n  padding-top: 21px;\n  padding-bottom: 21px;\n  background-color: rgb(244, 244, 244);\n}\n@media (min-width:550px) {\n  #section_1201643978 {\n    padding-top: 60px;\n    padding-bottom: 60px;\n  }\n}\n<\/style>\n\t<\/section>\n\t\n\n\t<section class=\"section\" id=\"section_1962491753\">\n\t\t<div class=\"section-bg fill\" >\n\t\t\t\t\t\t\t\t\t\n\t\t\t\n\n\t\t<\/div>\n\n\t\t\n\n\t\t<div class=\"section-content relative\">\n\t\t\t\n<div class=\"row align-center\"  id=\"row-1451021696\">\n\n\t<div id=\"col-1034020220\" class=\"col medium-12 small-12 large-12\"  >\n\t\t\t\t<div class=\"col-inner\"  >\n\t\t\t\n\t\t\t\n\t<div id=\"gap-410656075\" class=\"gap-element clearfix\" style=\"display:block; height:auto;\">\n\t\t\n<style>\n#gap-410656075 {\n  padding-top: 10px;\n}\n@media (min-width:550px) {\n  #gap-410656075 {\n    padding-top: 20px;\n  }\n}\n@media (min-width:850px) {\n  #gap-410656075 {\n    padding-top: 30px;\n  }\n}\n<\/style>\n\t<\/div>\n\t\n<p><strong>Gemeinsam f\u00fcr mentale Gesundheit:<\/strong> Wir unterst\u00fctzen Sie \u2013 mit Online-Beratung, Wissenstransfer und einem starken Netzwerk f\u00fcr Betroffene, Angeh\u00f6rige und Unternehmen. <strong>Werden Sie Mitglied oder buchen Sie eine Beratung \u2013 und gehen Sie mit uns neue Wege der Lebensgestaltung.<\/strong><\/p>\n\t\t<\/div>\n\t\t\t\t\n<style>\n#col-1034020220 > .col-inner {\n  padding: 22px 0px 0px 33px;\n}\n<\/style>\n\t<\/div>\n\n\t\n<\/div>\n\t\t<\/div>\n\n\t\t\n<style>\n#section_1962491753 {\n  padding-top: 0px;\n  padding-bottom: 0px;\n}\n<\/style>\n\t<\/section>\n\t\n","protected":false},"excerpt":{"rendered":"","protected":false},"author":1,"featured_media":0,"parent":0,"menu_order":0,"comment_status":"closed","ping_status":"closed","template":"page-blank.php","meta":{"footnotes":""},"class_list":["post-9","page","type-page","status-publish","hentry"],"_links":{"self":[{"href":"https:\/\/demo.labella-consulting.de\/index.php\/wp-json\/wp\/v2\/pages\/9","targetHints":{"allow":["GET"]}}],"collection":[{"href":"https:\/\/demo.labella-consulting.de\/index.php\/wp-json\/wp\/v2\/pages"}],"about":[{"href":"https:\/\/demo.labella-consulting.de\/index.php\/wp-json\/wp\/v2\/types\/page"}],"author":[{"embeddable":true,"href":"https:\/\/demo.labella-consulting.de\/index.php\/wp-json\/wp\/v2\/users\/1"}],"replies":[{"embeddable":true,"href":"https:\/\/demo.labella-consulting.de\/index.php\/wp-json\/wp\/v2\/comments?post=9"}],"version-history":[{"count":96,"href":"https:\/\/demo.labella-consulting.de\/index.php\/wp-json\/wp\/v2\/pages\/9\/revisions"}],"predecessor-version":[{"id":2689,"href":"https:\/\/demo.labella-consulting.de\/index.php\/wp-json\/wp\/v2\/pages\/9\/revisions\/2689"}],"wp:attachment":[{"href":"https:\/\/demo.labella-consulting.de\/index.php\/wp-json\/wp\/v2\/media?parent=9"}],"curies":[{"name":"wp","href":"https:\/\/api.w.org\/{rel}","templated":true}]}}