{"id":411,"date":"2024-06-24T11:40:33","date_gmt":"2024-06-24T11:40:33","guid":{"rendered":"http:\/\/192.168.0.235:10022\/?page_id=411"},"modified":"2025-08-04T12:47:15","modified_gmt":"2025-08-04T12:47:15","slug":"ueber-uns","status":"publish","type":"page","link":"https:\/\/demo.labella-consulting.de\/index.php\/ueber-uns\/","title":{"rendered":"\u00dcber AFMG"},"content":{"rendered":"\n\t<section class=\"section\" id=\"section_625494627\">\n\t\t<div class=\"section-bg fill\" >\n\t\t\t\t\t\t\t\t\t\n\t\t\t\n\n\t\t<\/div>\n\n\t\t\n\n\t\t<div class=\"section-content relative\">\n\t\t\t\n\n  <div class=\"banner has-hover has-video\" id=\"banner-1240815498\">\n          <div class=\"banner-inner fill\">\n        <div class=\"banner-bg fill\" >\n                        \t<div class=\"video-overlay no-click fill visible\"><\/div>\n\t<video class=\"video-bg fill visible\" preload playsinline autoplay muted loop>\n\t\t<source src=\"https:\/\/demo.labella-consulting.de\/wp-content\/uploads\/2025\/08\/bg-lila.mp4\" type=\"video\/mp4\">\t<\/video>\n            <div class=\"overlay\"><\/div>            \n                    <\/div>\n\t\t\n        <div class=\"banner-layers container\">\n            <div class=\"fill banner-link\"><\/div>            \n   <div id=\"text-box-523424098\" class=\"text-box banner-layer x95 md-x95 lg-x95 y50 md-y50 lg-y50 res-text\">\n                                <div class=\"text-box-content text dark\">\n              \n              <div class=\"text-inner text-right\">\n                  \n<h2 class=\"uppercase\"><strong>Unterst\u00fctzen &amp; begleiten<\/strong><\/h2>\n              <\/div>\n           <\/div>\n                            \n<style>\n#text-box-523424098 {\n  width: 60%;\n}\n#text-box-523424098 .text-box-content {\n  font-size: 100%;\n}\n@media (min-width:550px) {\n  #text-box-523424098 {\n    width: 40%;\n  }\n}\n<\/style>\n    <\/div>\n \n        <\/div>\n      <\/div>\n\n            \n<style>\n#banner-1240815498 {\n  padding-top: 18%;\n}\n#banner-1240815498 .overlay {\n  background-color: rgba(0, 0, 0, 0.2);\n}\n<\/style>\n  <\/div>\n\n\n\t\t<\/div>\n\n\t\t\n<style>\n#section_625494627 {\n  padding-top: 0px;\n  padding-bottom: 0px;\n}\n<\/style>\n\t<\/section>\n\t\n\n\t<section class=\"section\" id=\"section_153054557\">\n\t\t<div class=\"section-bg fill\" >\n\t\t\t\t\t\t\t\t\t<div class=\"section-bg-overlay absolute fill\"><\/div>\n\t\t\t\n\n\t\t<\/div>\n\n\t\t\n\n\t\t<div class=\"section-content relative\">\n\t\t\t\n<div class=\"row\"  id=\"row-1926008727\">\n\n\t<div id=\"col-107799841\" class=\"col small-12 large-12\"  >\n\t\t\t\t<div class=\"col-inner text-center\"  >\n\t\t\t\n\t\t\t\n<p style=\"text-align: left;\"><strong>\u00dcber die Akademie f\u00fcr mentale Gesundheit &amp; Lebensgestaltung<\/strong><\/p>\n<p style=\"text-align: left;\">Die Akademie f\u00fcr mentale Gesundheit &amp; Lebensgestaltung (AFMG) ist eine renommierte Anlaufstelle f\u00fcr psychologische Beratung, Coaching und pers\u00f6nliche Entwicklung. Gegr\u00fcndet im Jahr 2022 von Corinna Busch, basiert unsere Arbeit auf langj\u00e4hriger Erfahrung und einer echten Leidenschaft, Menschen in schwierigen Lebenssituationen zu unterst\u00fctzen.<\/p>\n<p style=\"text-align: left;\">Corinna Busch, selbst gepr\u00e4gt durch eine herausfordernde Kindheit, pers\u00f6nliche Krisen und einen internationalen Karriereweg, hat die transformative Kraft professioneller psychologischer Begleitung am eigenen Leben erfahren. Diese Erkenntnis bildet heute das Fundament unserer Akademie: Mit Fachwissen, Empathie und einem wissenschaftlich fundierten Ansatz helfen wir Menschen dabei, mentale St\u00e4rke, Lebensfreude und innere Freiheit zur\u00fcckzugewinnen.<\/p>\n<p style=\"text-align: left;\">Das interdisziplin\u00e4re Team der AFMG begleitet Erwachsene, Jugendliche und Kinder bei psychischen Belastungen wie Angst, Einsamkeit oder Depression \u2013 individuell, ganzheitlich und wertsch\u00e4tzend. Unsere Mission ist es, Betroffene auf dem Weg zu mehr Stabilit\u00e4t, Selbstwert und seelischer Gesundheit zu unterst\u00fctzen. Dabei setzen wir auf vertrauensvolle Beratung, moderne Methoden und kontinuierliche Weiterbildung.<\/p>\n<p style=\"text-align: left;\"><strong>AFMG \u2013 Ihre Experten f\u00fcr mentale Gesundheit. Gemeinsam f\u00fcr mehr Lebensqualit\u00e4t, Resilienz und inneren Frieden.<\/strong><\/p>\n\t\t<\/div>\n\t\t\t\t\n<style>\n#col-107799841 > .col-inner {\n  padding: 0 0 32px 0;\n}\n<\/style>\n\t<\/div>\n\n\t\n<\/div>\n\t\t<\/div>\n\n\t\t\n<style>\n#section_153054557 {\n  padding-top: 80px 0 60px 0;\n  padding-bottom: 80px 0 60px 0;\n  background-color: rgb(250,250,250);\n}\n#section_153054557 .section-bg-overlay {\n  background-color: rgba(255,255,255,0.6);\n}\n#section_153054557 .section-bg img {\n  object-position: 50% 0%;\n}\n<\/style>\n\t<\/section>\n\t\n\n\t<section class=\"section\" id=\"section_1287551196\">\n\t\t<div class=\"section-bg fill\" >\n\t\t\t\t\t\t\t<div class=\"video-overlay no-click fill hide-for-medium\"><\/div>\n\t<video class=\"video-bg fill hide-for-medium\" preload playsinline autoplay muted loop>\n\t\t<source src=\"https:\/\/demo.labella-consulting.de\/wp-content\/uploads\/2025\/08\/bg-lila.mp4\" type=\"video\/mp4\">\t<\/video>\n\t\t\t<div class=\"section-bg-overlay absolute fill\"><\/div>\n\t\t\t\n\n\t\t<\/div>\n\n\t\t\n\n\t\t<div class=\"section-content relative\">\n\t\t\t\n<div class=\"row align-center\"  id=\"row-1832185324\">\n\n\t<div id=\"col-101230787\" class=\"col medium-5 small-12 large-5\"  >\n\t\t\t\t<div class=\"col-inner text-center\"  >\n\t\t\t\n\t\t\t\n\t<div id=\"text-1527282504\" class=\"text\">\n\t\t\n<h2>Der Beirat<\/h2>\n\t\t\n<style>\n#text-1527282504 {\n  font-size: 1.5rem;\n  color: rgb(255,255,255);\n}\n#text-1527282504 > * {\n  color: rgb(255,255,255);\n}\n<\/style>\n\t<\/div>\n\t\n\t\t<\/div>\n\t\t\t\t\t<\/div>\n\n\t\n<\/div>\n<div class=\"row row-small row-full-width align-center\"  id=\"row-1957326818\">\n\n\t<div id=\"col-317085394\" class=\"col medium-3 small-12 large-3\"  >\n\t\t\t\t<div class=\"col-inner\" style=\"background-color:rgb(255,255,255);\" >\n\t\t\t\n\t\t\t\n    <div class=\"box has-hover has-hover box-text-bottom\" >\n\n                  <div class=\"box-image \" style=\"width:85%;\">\n           <div class=\"box-image-inner image-cover\" style=\"padding-top:100%;\">\n              <img loading=\"lazy\" decoding=\"async\" width=\"500\" height=\"500\" src=\"https:\/\/demo.labella-consulting.de\/wp-content\/uploads\/2025\/05\/joost.jpg\" class=\"attachment- size-\" alt=\"\" srcset=\"https:\/\/demo.labella-consulting.de\/wp-content\/uploads\/2025\/05\/joost.jpg 500w, https:\/\/demo.labella-consulting.de\/wp-content\/uploads\/2025\/05\/joost-300x300.jpg 300w, https:\/\/demo.labella-consulting.de\/wp-content\/uploads\/2025\/05\/joost-150x150.jpg 150w, https:\/\/demo.labella-consulting.de\/wp-content\/uploads\/2025\/05\/joost-87x87.jpg 87w\" sizes=\"auto, (max-width: 500px) 100vw, 500px\" \/>                         <\/div>\n          <\/div>\n         \n          <div class=\"box-text text-center\" style=\"background-color:rgb(255, 255, 255);padding:20px 20px 20px 20px;\">\n                <div class=\"box-text-inner\">\n                  <h4 class=\"uppercase\">\n                    <span class=\"person-name\">Dr. med. Kerstin Joost<\/span><br\/>\n                    <span class=\"person-title is-small thin-font op-7\">\n                      Gesundheit                    <\/span>\n                  <\/h4>\n\t\t\t\t\t\n\t<div id=\"text-2024983672\" class=\"text\">\n\t\t\n<div style=\"background: #fff; border-radius: 14px; box-shadow: 0 2px 10px rgba(34,52,87,0.07); padding: 22px; font-size: 105%;\"><span style=\"font-size: 80%;\"><strong>Dr. med. Kerstin Joost<\/strong> ist \u00c4rztin der neuen Zeit. Nach ihrem Medizinstudium und Jahren als Schulmedizinerin absolvierte sie eine Ausbildung in Klassischer Hom\u00f6opathie und war \u00fcber zehn Jahre in eigener Praxis t\u00e4tig.<\/span><\/p>\n<p><span style=\"font-size: 80%;\">Ihr Interesse gilt dem Zusammenspiel von K\u00f6rper, Geist und Seele sowie spiritueller Entwicklung. Sie ist zudem Meisterlehrerin der Diana Cooper School of White Light und begleitet Menschen auf ihrem Weg in die Energie der neuen Zeit.<\/span><\/p>\n<\/div>\n\t\t\n<style>\n#text-2024983672 {\n  text-align: left;\n}\n<\/style>\n\t<\/div>\n\t\n                <\/div>\n          <\/div>\n    <\/div>\n\n\t\n    \n\t\t<\/div>\n\t\t\t\t\t<\/div>\n\n\t\n\n\t<div id=\"col-289157152\" class=\"col medium-3 small-12 large-3\"  >\n\t\t\t\t<div class=\"col-inner\" style=\"background-color:rgb(255,255,255);\" >\n\t\t\t\n\t\t\t\n    <div class=\"box has-hover has-hover box-text-bottom\" >\n\n                  <div class=\"box-image \" style=\"width:85%;\">\n           <div class=\"box-image-inner image-cover\" style=\"padding-top:100%;\">\n              <img loading=\"lazy\" decoding=\"async\" width=\"500\" height=\"500\" src=\"https:\/\/demo.labella-consulting.de\/wp-content\/uploads\/2025\/05\/Schubert.jpg\" class=\"attachment- size-\" alt=\"\" srcset=\"https:\/\/demo.labella-consulting.de\/wp-content\/uploads\/2025\/05\/Schubert.jpg 500w, https:\/\/demo.labella-consulting.de\/wp-content\/uploads\/2025\/05\/Schubert-300x300.jpg 300w, https:\/\/demo.labella-consulting.de\/wp-content\/uploads\/2025\/05\/Schubert-150x150.jpg 150w, https:\/\/demo.labella-consulting.de\/wp-content\/uploads\/2025\/05\/Schubert-87x87.jpg 87w\" sizes=\"auto, (max-width: 500px) 100vw, 500px\" \/>                         <\/div>\n          <\/div>\n         \n          <div class=\"box-text text-center\" style=\"background-color:rgb(255, 255, 255);padding:20px 20px 20px 20px;\">\n                <div class=\"box-text-inner\">\n                  <h4 class=\"uppercase\">\n                    <span class=\"person-name\">Prof. Dr. Christian Schubert<\/span><br\/>\n                    <span class=\"person-title is-small thin-font op-7\">\n                      Gesundheit                    <\/span>\n                  <\/h4>\n\t\t\t\t\t\n\t<div id=\"text-1755152558\" class=\"text\">\n\t\t\n<p><span style=\"font-size: 80%;\">Prof. Dr. Dr. Christian Schubert von der Medizinischen Universit\u00e4t Innsbruck ist seit rund 25 Jahren begeisterter Forscher und analysiert gemeinsam mit Kollegen die Wechselwirkungen zwischen Psyche, Gehirn (Nervenzellen und Neurotransmitter) und Immunsystem (Immunzellen- und Zytokine). Kurz: Der Psychoneuroimmunologie.<\/span><\/p>\n<p><span style=\"font-size: 80%;\">Die Medizin konzentriert sich rein auf den K\u00f6rper, doch das ist nicht genug. Denn so wie Muskeln, Sehnen und Wirbel miteinander verbunden sind, so sind auch K\u00f6rper und Seele als eine Einheit zu betrachten. Der Mensch ist keine Maschine, die man einfach ab- und wieder anschalten kann, sondern wir sind K\u00f6rper, Geist &amp; Seele.<\/span><\/p>\n<p>\u00a0<\/p>\n\t\t\n<style>\n#text-1755152558 {\n  text-align: left;\n}\n<\/style>\n\t<\/div>\n\t\n                <\/div>\n          <\/div>\n    <\/div>\n\n\t\n    \n\t\t<\/div>\n\t\t\t\t\t<\/div>\n\n\t\n\n\t<div id=\"col-1220615836\" class=\"col medium-3 small-12 large-3\"  >\n\t\t\t\t<div class=\"col-inner\" style=\"background-color:rgb(255,255,255);\" >\n\t\t\t\n\t\t\t\n    <div class=\"box has-hover has-hover box-text-bottom\" >\n\n                  <div class=\"box-image \" style=\"width:85%;\">\n           <div class=\"box-image-inner image-cover\" style=\"padding-top:100%;\">\n              <img loading=\"lazy\" decoding=\"async\" width=\"500\" height=\"500\" src=\"https:\/\/demo.labella-consulting.de\/wp-content\/uploads\/2025\/05\/merkle.jpg\" class=\"attachment- size-\" alt=\"\" srcset=\"https:\/\/demo.labella-consulting.de\/wp-content\/uploads\/2025\/05\/merkle.jpg 500w, https:\/\/demo.labella-consulting.de\/wp-content\/uploads\/2025\/05\/merkle-300x300.jpg 300w, https:\/\/demo.labella-consulting.de\/wp-content\/uploads\/2025\/05\/merkle-150x150.jpg 150w, https:\/\/demo.labella-consulting.de\/wp-content\/uploads\/2025\/05\/merkle-87x87.jpg 87w\" sizes=\"auto, (max-width: 500px) 100vw, 500px\" \/>                         <\/div>\n          <\/div>\n         \n          <div class=\"box-text text-center\" style=\"background-color:rgb(255, 255, 255);padding:20px 20px 20px 20px;\">\n                <div class=\"box-text-inner\">\n                  <h4 class=\"uppercase\">\n                    <span class=\"person-name\">Prof. Dr. Wolfgang Merckle<\/span><br\/>\n                    <span class=\"person-title is-small thin-font op-7\">\n                      Wirtschaft                    <\/span>\n                  <\/h4>\n\t\t\t\t\t\n\t<div id=\"text-1364664982\" class=\"text\">\n\t\t\n<p><span style=\"font-size: 80%;\">Studium der Betriebswirtschaftslehre mit Schwerpunkten Marketing und Handel. 25 Jahre berufliche T\u00e4tigkeiten unter anderem in der Otto group Hamburg, Gesch\u00e4ftsf\u00fchrer f\u00fcr ZARA und Massimo Dutti, CMO bei der Galeria Kaufhof, Bereichsvorstand Shop f\u00fcr D\/A\/CH, Director Coffee und Chief Marketing Officer bei Tchibo.<\/p>\n<p>Herr Prof. Merkle ist heute selbst\u00e4ndiger Berater im strategischen und operativen Management. Parallel dazu ist er Professor f\u00fcr Marketing &#038; Management an der University of Europe for Applied Sciences in Hamburg und Pr\u00e4sident des Marketing Club Hamburg.<\/span><\/p>\n<p>\u00a0<\/p>\n\t\t\n<style>\n#text-1364664982 {\n  text-align: left;\n}\n<\/style>\n\t<\/div>\n\t\n                <\/div>\n          <\/div>\n    <\/div>\n\n\t\n    \n\t\t<\/div>\n\t\t\t\t\t<\/div>\n\n\t\n\n\t<div id=\"col-1434250445\" class=\"col medium-3 small-12 large-3\"  >\n\t\t\t\t<div class=\"col-inner\" style=\"background-color:rgb(255,255,255);\" >\n\t\t\t\n\t\t\t\n    <div class=\"box has-hover has-hover box-text-bottom\" >\n\n                  <div class=\"box-image \" style=\"width:85%;\">\n           <div class=\"box-image-inner image-cover\" style=\"padding-top:100%;\">\n              <img loading=\"lazy\" decoding=\"async\" width=\"500\" height=\"500\" src=\"https:\/\/demo.labella-consulting.de\/wp-content\/uploads\/2025\/05\/kovac-1.jpg\" class=\"attachment- size-\" alt=\"\" srcset=\"https:\/\/demo.labella-consulting.de\/wp-content\/uploads\/2025\/05\/kovac-1.jpg 500w, https:\/\/demo.labella-consulting.de\/wp-content\/uploads\/2025\/05\/kovac-1-300x300.jpg 300w, https:\/\/demo.labella-consulting.de\/wp-content\/uploads\/2025\/05\/kovac-1-150x150.jpg 150w, https:\/\/demo.labella-consulting.de\/wp-content\/uploads\/2025\/05\/kovac-1-87x87.jpg 87w\" sizes=\"auto, (max-width: 500px) 100vw, 500px\" \/>                         <\/div>\n          <\/div>\n         \n          <div class=\"box-text text-center\" style=\"background-color:rgb(255, 255, 255);padding:20px 20px 20px 20px;\">\n                <div class=\"box-text-inner\">\n                  <h4 class=\"uppercase\">\n                    <span class=\"person-name\">Dr. Christian Kovac<\/span><br\/>\n                    <span class=\"person-title is-small thin-font op-7\">\n                      Wirtschaft                    <\/span>\n                  <\/h4>\n\t\t\t\t\t\n\t<div id=\"text-339555965\" class=\"text\">\n\t\t\n<p><span style=\"font-size: 80%;\">Studium und Promotion in Betriebswirtschaft an den Universit\u00e4ten in Graz (\u00d6sterreich), Harvard (Boston) und UCLA (Kalifornien). Dozent an den Universit\u00e4ten Graz und Klagenfurt unter anderem in Projektmanagement, Logistik und Supply Chain Management.<\/span><\/p>\n<p><span style=\"font-size: 80%;\">Dar\u00fcber hinaus ist Herr Dr. Kovac seit \u00fcber 20 Jahren selbstst\u00e4ndiger Unternehmensberater und Trainer.<\/span><\/p>\n<p>\u00a0<\/p>\n\t\t\n<style>\n#text-339555965 {\n  text-align: left;\n}\n<\/style>\n\t<\/div>\n\t\n                <\/div>\n          <\/div>\n    <\/div>\n\n\t\n    \n\t\t<\/div>\n\t\t\t\t\t<\/div>\n\n\t\n\n<style>\n#row-1957326818 > .col > .col-inner {\n  padding: 0px 40px 0px 40px;\n}\n<\/style>\n<\/div>\n\t\t<\/div>\n\n\t\t\n<style>\n#section_1287551196 {\n  padding-top: 70px;\n  padding-bottom: 70px;\n  background-color: rgb(255,255,255);\n}\n#section_1287551196 .section-bg-overlay {\n  background-color: rgba(0,0,0,.5);\n}\n@media (min-width:550px) {\n  #section_1287551196 {\n    padding-top: 90px;\n    padding-bottom: 90px;\n  }\n}\n<\/style>\n\t<\/section>\n\t\n\n\t<section class=\"section\" id=\"section_2057243822\">\n\t\t<div class=\"section-bg fill\" >\n\t\t\t\t\t\t\t\t\t\n\t\t\t\n\n\t\t<\/div>\n\n\t\t\n\n\t\t<div class=\"section-content relative\">\n\t\t\t\n<div class=\"row\"  id=\"row-1652110575\">\n\n\t<div id=\"col-1479442133\" class=\"col small-12 large-12\"  >\n\t\t\t\t<div class=\"col-inner text-center\"  >\n\t\t\t\n\t\t\t\n<h3 style=\"font-size:180%;\">Vision &#038; Mission<\/h3>\n\t\t<\/div>\n\t\t\t\t\n<style>\n#col-1479442133 > .col-inner {\n  padding: 60px 0 0 0;\n}\n<\/style>\n\t<\/div>\n\n\t\n<\/div>\n<div class=\"row\"  id=\"row-1116341308\">\n\n\t<div id=\"col-872196088\" class=\"col medium-6 small-12 large-6\"  >\n\t\t\t\t<div class=\"col-inner\"  >\n\t\t\t\n\t\t\t\n<h4>Unsere Vision<\/h4>\n<p>\n        Wir setzen uns f\u00fcr eine Gesellschaft ein, in der mentale Gesundheit selbstverst\u00e4ndlich, offen und wertsch\u00e4tzend gelebt wird. Eine Welt, in der psychische Belastungen nicht tabuisiert, sondern verstanden und begleitet werden.<\/p>\n<p>        Jeder Mensch soll die M\u00f6glichkeit haben, ein bewusstes, stabiles und erf\u00fclltes Leben zu f\u00fchren \u2013 unabh\u00e4ngig von Herkunft, Vergangenheit oder Lebenslage.<br \/>\n        <strong>Denn seelische Gesundheit ist kein Privileg, sondern ein Menschenrecht.<\/strong>\n      <\/p>\n\t\t<\/div>\n\t\t\t\t\n<style>\n#col-872196088 > .col-inner {\n  padding: 20px;\n}\n<\/style>\n\t<\/div>\n\n\t\n\n\t<div id=\"col-118104079\" class=\"col medium-6 small-12 large-6\"  >\n\t\t\t\t<div class=\"col-inner\"  >\n\t\t\t\n\t\t\t\n<h4>Unsere Mission \u2013 in 4 Schritten<\/h4>\n<ol style=\"padding-left:18px;\">\n<li style=\"margin-bottom:8px;\"><strong>Verstehen erm\u00f6glichen:<\/strong> Wir schaffen Bewusstsein f\u00fcr psychische Gesundheit und enttabuisieren seelisches Leiden \u2013 durch Aufkl\u00e4rung, Offenheit und Wissen.<\/li>\n<li style=\"margin-bottom:8px;\"><strong>Begleiten &#038; unterst\u00fctzen:<\/strong> Wir bieten individuelle psychologische Beratung und Begleitung in belastenden Lebensphasen \u2013 achtsam, professionell und auf Augenh\u00f6he.<\/li>\n<li style=\"margin-bottom:8px;\"><strong>St\u00e4rken f\u00f6rdern:<\/strong> Wir helfen Menschen, ihre inneren Ressourcen zu entdecken, Blockaden zu l\u00f6sen und Selbstf\u00fcrsorge nachhaltig zu leben.<\/li>\n<li><strong>Gemeinschaft schaffen:<\/strong> Wir verbinden Betroffene und Angeh\u00f6rige in einem unterst\u00fctzenden Netzwerk \u2013 f\u00fcr Austausch, Entlastung und gemeinsame Entwicklung.<\/li>\n<\/ol>\n\t\t<\/div>\n\t\t\t\t\n<style>\n#col-118104079 > .col-inner {\n  padding: 20px;\n}\n<\/style>\n\t<\/div>\n\n\t\n<\/div>\n<div class=\"row row-margin-top:36px;\"  id=\"row-436939888\">\n\n\t<div id=\"col-1330013328\" class=\"col small-12 large-12\"  >\n\t\t\t\t<div class=\"col-inner text-center\"  >\n\t\t\t\n\t\t\t\n<div style=\"font-size:110%; margin-top:24px;\">\n        <span style=\"font-weight:600;\">Kontaktzeiten:<\/span> Mo \u2013 Sa 8:00 Uhr \u2013 19:00 Uhr &nbsp; | &nbsp; So: nach Vereinbarung<br \/>\n        <span style=\"font-weight:600;\">Telefon:<\/span> +43 0000 &nbsp; | &nbsp; <span style=\"font-weight:600;\">Mail:<\/span> cb@afmg.at\n      <\/div>\n\t\t<\/div>\n\t\t\t\t\t<\/div>\n\n\t\n<\/div>\n\t\t<\/div>\n\n\t\t\n<style>\n#section_2057243822 {\n  padding-top: 30px;\n  padding-bottom: 30px;\n  background-color: rgb(244, 244, 244);\n}\n<\/style>\n\t<\/section>\n\t\n","protected":false},"excerpt":{"rendered":"","protected":false},"author":1,"featured_media":0,"parent":0,"menu_order":0,"comment_status":"closed","ping_status":"closed","template":"page-blank.php","meta":{"footnotes":""},"class_list":["post-411","page","type-page","status-publish","hentry"],"_links":{"self":[{"href":"https:\/\/demo.labella-consulting.de\/index.php\/wp-json\/wp\/v2\/pages\/411","targetHints":{"allow":["GET"]}}],"collection":[{"href":"https:\/\/demo.labella-consulting.de\/index.php\/wp-json\/wp\/v2\/pages"}],"about":[{"href":"https:\/\/demo.labella-consulting.de\/index.php\/wp-json\/wp\/v2\/types\/page"}],"author":[{"embeddable":true,"href":"https:\/\/demo.labella-consulting.de\/index.php\/wp-json\/wp\/v2\/users\/1"}],"replies":[{"embeddable":true,"href":"https:\/\/demo.labella-consulting.de\/index.php\/wp-json\/wp\/v2\/comments?post=411"}],"version-history":[{"count":31,"href":"https:\/\/demo.labella-consulting.de\/index.php\/wp-json\/wp\/v2\/pages\/411\/revisions"}],"predecessor-version":[{"id":2674,"href":"https:\/\/demo.labella-consulting.de\/index.php\/wp-json\/wp\/v2\/pages\/411\/revisions\/2674"}],"wp:attachment":[{"href":"https:\/\/demo.labella-consulting.de\/index.php\/wp-json\/wp\/v2\/media?parent=411"}],"curies":[{"name":"wp","href":"https:\/\/api.w.org\/{rel}","templated":true}]}}