{"id":2640,"date":"2025-08-04T12:13:40","date_gmt":"2025-08-04T12:13:40","guid":{"rendered":"https:\/\/demo.labella-consulting.de\/?page_id=2640"},"modified":"2025-08-04T12:16:10","modified_gmt":"2025-08-04T12:16:10","slug":"mitglieder-login","status":"publish","type":"page","link":"https:\/\/demo.labella-consulting.de\/index.php\/mitglieder-login\/","title":{"rendered":"Mitglieder Login"},"content":{"rendered":"\n\t<section class=\"section dark\" id=\"section_1820017804\">\n\t\t<div class=\"section-bg fill\" >\n\t\t\t\t\t\t\t<div class=\"video-overlay no-click fill hide-for-medium\"><\/div>\n\t<video class=\"video-bg fill hide-for-medium\" preload playsinline autoplay muted loop>\n\t\t<source src=\"https:\/\/demo.labella-consulting.de\/wp-content\/uploads\/2025\/08\/bg-lila.mp4\" type=\"video\/mp4\">\t<\/video>\n\t\t\t<div class=\"section-bg-overlay absolute fill\"><\/div>\n\t\t\t\n\n\t\t<\/div>\n\n\t\t\n\n\t\t<div class=\"section-content relative\">\n\t\t\t\n<div class=\"row align-center\"  id=\"row-1781245933\">\n\n\t<div id=\"col-1676771014\" class=\"col medium-6 small-12 large-6\"  >\n\t\t\t\t<div class=\"col-inner\" style=\"background-color:rgb(255,255,255);\" >\n\t\t\t\n\t\t\t\n\t<div id=\"text-2337884123\" class=\"text\">\n\t\t\n<h1 style=\"color:#876bcd;\">Mitglieder Login<\/h1>\n<p>Willkommen im gesch\u00fctzten Mitgliederbereich der Akademie f\u00fcr mentale Gesundheit &amp; Lebensgestaltung. Hier erhalten Sie Zugang zu exklusiven Inhalten, Beratungen, Netzwerk-Events und mehr.<\/p>\n\t\t\n<style>\n#text-2337884123 {\n  text-align: center;\n  color: rgb(0,0,0);\n}\n#text-2337884123 > * {\n  color: rgb(0,0,0);\n}\n<\/style>\n\t<\/div>\n\t\n\t<div id=\"text-2290351303\" class=\"text\">\n\t\t\n<p><!-- BEGIN: LOGIN FORM (kann durch Plugin\/Shortcode ersetzt werden) --><\/p>\n<div style=\"margin:40px 0;\">\n  [your_membership_login_form]\n  <!-- Beispiel f\u00fcr MemberPress, Paid Memberships Pro etc.:\n      &#091;mepr-login-form&#093;\n      &#091;pmpro_login&#093;\n      &#091;ultimatemember form_id=\"123\"&#093;\n      Ersetze dies durch den Shortcode deines Plugins!\n  -->\n<\/div>\n<p><!-- END: LOGIN FORM --><\/p>\n\t\t\n<style>\n#text-2290351303 {\n  color: rgb(0,0,0);\n}\n#text-2290351303 > * {\n  color: rgb(0,0,0);\n}\n<\/style>\n\t<\/div>\n\t\n\t<div id=\"gap-1958758619\" class=\"gap-element clearfix\" style=\"display:block; height:auto;\">\n\t\t\n<style>\n#gap-1958758619 {\n  padding-top: 12px;\n}\n<\/style>\n\t<\/div>\n\t\n<p style=\"text-align:center;font-size:110%;color:#876bcd;\"><strong>Passwort vergessen?<\/strong><\/p>\n<p style=\"text-align:center;\">\n  <a href=\"\/passwort-zuruecksetzen\/\" style=\"color:#876bcd;text-decoration:underline;\">Hier neues Passwort anfordern<\/a><\/p>\n<div class=\"is-divider divider clearfix\" ><\/div>\n\t<div id=\"text-1270774572\" class=\"text\">\n\t\t\n<p>Sie sind noch kein Mitglied?<br \/>\n<strong>Jetzt F\u00f6rdermitglied werden und Vorteile sichern!<\/strong><\/p>\n\t\t\n<style>\n#text-1270774572 {\n  text-align: center;\n  color: rgb(0,0,0);\n}\n#text-1270774572 > * {\n  color: rgb(0,0,0);\n}\n<\/style>\n\t<\/div>\n\t\n<a href=\"\/mitgliedschaft\/\" class=\"button secondary is-medium\" style=\"border-radius:12px;\">\n\t\t<span>Mehr zur Mitgliedschaft<\/span>\n\t<\/a>\n\n\t\t<\/div>\n\t\t\t\t\n<style>\n#col-1676771014 > .col-inner {\n  padding: 32px;\n}\n<\/style>\n\t<\/div>\n\n\t\n\n\t<div id=\"col-502410990\" class=\"col medium-6 small-12 large-6\"  >\n\t\t\t\t<div class=\"col-inner text-center\"  >\n\t\t\t\n\t\t\t\n\t<div id=\"text-3696892439\" class=\"text\">\n\t\t\n<h2 style=\"color:#927d56;\">Sicherheit &amp; Datenschutz<\/h2>\n<p>Der Zugang zum Mitgliederbereich ist ausschlie\u00dflich F\u00f6rdermitgliedern vorbehalten. Ihre Daten werden streng vertraulich behandelt und unterliegen den h\u00f6chsten Datenschutzstandards.<\/p>\n\t\t\n<style>\n#text-3696892439 {\n  text-align: center;\n}\n<\/style>\n\t<\/div>\n\t\n\t<div id=\"gap-499213401\" class=\"gap-element clearfix\" style=\"display:block; height:auto;\">\n\t\t\n<style>\n#gap-499213401 {\n  padding-top: 22px;\n}\n<\/style>\n\t<\/div>\n\t\n\t<div id=\"text-4169248703\" class=\"text\">\n\t\t\n<h3 style=\"color:#876bcd;\">Support &amp; Hilfe<\/h3>\n<p>Probleme beim Login oder Fragen zum Zugang?<br \/>\nUnser Support-Team hilft gerne weiter:<\/p>\n<p>\n  <strong>E-Mail:<\/strong> <a href=\"mailto:support@afmg.at\" style=\"color:#876bcd;\">support@afmg.at<\/a><br \/>\n  <strong>Telefon:<\/strong> +43 0000\n<\/p>\n\t\t\n<style>\n#text-4169248703 {\n  text-align: center;\n}\n<\/style>\n\t<\/div>\n\t\n\t\t<\/div>\n\t\t\t\t\n<style>\n#col-502410990 > .col-inner {\n  padding: 32px;\n}\n<\/style>\n\t<\/div>\n\n\t\n<\/div>\n\t\t<\/div>\n\n\t\t\n<style>\n#section_1820017804 {\n  padding-top: 80px;\n  padding-bottom: 80px;\n  background-color: rgb(40, 40, 40);\n}\n#section_1820017804 .section-bg-overlay {\n  background-color: rgba(0,0,0,.5);\n}\n<\/style>\n\t<\/section>\n\t\n\n\t<section class=\"section\" id=\"section_1709736986\">\n\t\t<div class=\"section-bg fill\" >\n\t\t\t\t\t\t\t\t\t\n\t\t\t\n\n\t\t<\/div>\n\n\t\t\n\n\t\t<div class=\"section-content relative\">\n\t\t\t\n<div class=\"row\"  id=\"row-1618387171\">\n\n\t<div id=\"col-495324927\" class=\"col small-12 large-12\"  >\n\t\t\t\t<div class=\"col-inner text-center\"  >\n\t\t\t\n\t\t\t\n<h2 style=\"color:#876bcd;\">Ihre Vorteile im Mitgliederbereich<\/h2>\n<ul style=\"display:inline-block;text-align:left;max-width:440px;font-size:110%;\">\n<li>Zugang zu exklusiven Beratungs- und Netzwerkangeboten<\/li>\n<li>Alle Online-Events, Workshops &amp; Verg\u00fcnstigungen auf einen Blick<\/li>\n<li>Eigenes Mitgliederprofil &amp; pers\u00f6nliche Terminverwaltung<\/li>\n<li>Community-Forum und Erfahrungs\u00adaustausch<\/li>\n<li>100\u202f% vertraulich &amp; gesch\u00fctzt<\/li>\n<\/ul>\n<a href=\"\/mitgliedschaft\/\" class=\"button primary\" style=\"border-radius:12px;\">\n\t\t<span>Mitglied werden<\/span>\n\t<\/a>\n\n\t\t<\/div>\n\t\t\t\t\t<\/div>\n\n\t\n<\/div>\n\t\t<\/div>\n\n\t\t\n<style>\n#section_1709736986 {\n  padding-top: 40px;\n  padding-bottom: 40px;\n  background-color: rgb(247,246,246);\n}\n<\/style>\n\t<\/section>\n\t\n","protected":false},"excerpt":{"rendered":"","protected":false},"author":1,"featured_media":0,"parent":0,"menu_order":0,"comment_status":"closed","ping_status":"closed","template":"page-blank.php","meta":{"footnotes":""},"class_list":["post-2640","page","type-page","status-publish","hentry"],"_links":{"self":[{"href":"https:\/\/demo.labella-consulting.de\/index.php\/wp-json\/wp\/v2\/pages\/2640","targetHints":{"allow":["GET"]}}],"collection":[{"href":"https:\/\/demo.labella-consulting.de\/index.php\/wp-json\/wp\/v2\/pages"}],"about":[{"href":"https:\/\/demo.labella-consulting.de\/index.php\/wp-json\/wp\/v2\/types\/page"}],"author":[{"embeddable":true,"href":"https:\/\/demo.labella-consulting.de\/index.php\/wp-json\/wp\/v2\/users\/1"}],"replies":[{"embeddable":true,"href":"https:\/\/demo.labella-consulting.de\/index.php\/wp-json\/wp\/v2\/comments?post=2640"}],"version-history":[{"count":5,"href":"https:\/\/demo.labella-consulting.de\/index.php\/wp-json\/wp\/v2\/pages\/2640\/revisions"}],"predecessor-version":[{"id":2645,"href":"https:\/\/demo.labella-consulting.de\/index.php\/wp-json\/wp\/v2\/pages\/2640\/revisions\/2645"}],"wp:attachment":[{"href":"https:\/\/demo.labella-consulting.de\/index.php\/wp-json\/wp\/v2\/media?parent=2640"}],"curies":[{"name":"wp","href":"https:\/\/api.w.org\/{rel}","templated":true}]}}