{"id":2638,"date":"2025-08-04T12:12:16","date_gmt":"2025-08-04T12:12:16","guid":{"rendered":"https:\/\/demo.labella-consulting.de\/?page_id=2638"},"modified":"2025-08-04T12:12:16","modified_gmt":"2025-08-04T12:12:16","slug":"foerdermitgliedschaft","status":"publish","type":"page","link":"https:\/\/demo.labella-consulting.de\/index.php\/foerdermitgliedschaft\/","title":{"rendered":"F\u00f6rdermitgliedschaft"},"content":{"rendered":"\n\t<section class=\"section dark\" id=\"section_1183636032\">\n\t\t<div class=\"section-bg fill\" >\n\t\t\t\t\t\t\t<div class=\"video-overlay no-click fill hide-for-medium\"><\/div>\n\t<video class=\"video-bg fill hide-for-medium\" preload playsinline autoplay muted loop>\n\t\t<source src=\"https:\/\/demo.labella-consulting.de\/wp-content\/uploads\/2025\/08\/professional-therapist-online-teacher-or-psychologist-making-notes-during-conversat-SBV-346997204-HD.mp4\" type=\"video\/mp4\">\t<\/video>\n\t\t\t<div class=\"section-bg-overlay absolute fill\"><\/div>\n\t\t\t\n\n\t\t<\/div>\n\n\t\t\n\n\t\t<div class=\"section-content relative\">\n\t\t\t\n<div class=\"row\"  id=\"row-863290436\">\n\n\t<div id=\"col-335541268\" class=\"col small-12 large-12\"  >\n\t\t\t\t<div class=\"col-inner\"  >\n\t\t\t\n\t\t\t\n\t<div id=\"text-2514857604\" class=\"text\">\n\t\t\n<h1 class=\"uppercase thin-font\" style=\"font-size:200%;\">Mitgliedschaft bei der Akademie f\u00fcr mentale Gesundheit &amp; Lebensgestaltung<\/h1>\n<p>Werden Sie Teil unserer Community \u2013 und sichern Sie sich Zugang zu kompetenter Beratung, Netzwerk und Wissen.<\/p>\n\t\t\n<style>\n#text-2514857604 {\n  text-align: center;\n  color: rgb(255,255,255);\n}\n#text-2514857604 > * {\n  color: rgb(255,255,255);\n}\n<\/style>\n\t<\/div>\n\t\n\t\t<\/div>\n\t\t\t\t\t<\/div>\n\n\t\n<\/div>\n\t\t<\/div>\n\n\t\t\n<style>\n#section_1183636032 {\n  padding-top: 60px;\n  padding-bottom: 60px;\n  background-color: rgb(40, 40, 40);\n}\n#section_1183636032 .section-bg-overlay {\n  background-color: rgba(0,0,0,.6);\n}\n<\/style>\n\t<\/section>\n\t\n\n\t<section class=\"section\" id=\"section_224931591\">\n\t\t<div class=\"section-bg fill\" >\n\t\t\t\t\t\t\t\t\t\n\t\t\t\n\n\t\t<\/div>\n\n\t\t\n\n\t\t<div class=\"section-content relative\">\n\t\t\t\n<div class=\"row align-middle\"  id=\"row-467271524\">\n\n\t<div id=\"col-1201886303\" class=\"col medium-6 small-12 large-6\"  >\n\t\t\t\t<div class=\"col-inner\"  >\n\t\t\t\n\t\t\t\n<h2 style=\"color:#927d56;\">Tagesmitgliedschaft \u2013 Flexible Hilfe zum Festpreis<\/h2>\n<p><strong>Neu: <\/strong>Auf vielfachen Wunsch bieten wir ab sofort auch <strong>Tagesmitgliedschaften<\/strong> f\u00fcr eine einmalige Online-Beratung an. F\u00fcr 60,00\u202fEuro erhalten Sie kurzfristig einen Termin f\u00fcr eine 50-min\u00fctige psychologische Beratung (online per Videocall).<\/p>\n<ul>\n<li>Kein Login, keine Verpflichtung \u2013 punktuell Hilfe nutzen<\/li>\n<li>Kosten: 60,00\u202fEuro pro Sitzung<\/li>\n<li>Buchung einfach per E-Mail: <a href=\"mailto:cb@afmg.at\">cb@afmg.at<\/a><\/li>\n<li>Endet automatisch nach der Beratung<\/li>\n<\/ul>\n<p>Dieses Angebot ist ideal f\u00fcr alle, die kurzfristig Entlastung oder Kl\u00e4rung suchen \u2013 ganz ohne langfristige Mitgliedschaft.<\/p>\n<a href=\"\/kontakt\/\" class=\"button secondary\" style=\"border-radius:12px;\">\n\t\t<span>Jetzt Tagesmitgliedschaft anfragen<\/span>\n\t<\/a>\n\n\t\t<\/div>\n\t\t\t\t\n<style>\n#col-1201886303 > .col-inner {\n  padding: 0 5% 0 0;\n}\n<\/style>\n\t<\/div>\n\n\t\n\n\t<div id=\"col-12754419\" class=\"col medium-6 small-12 large-6\"  >\n\t\t\t\t<div class=\"col-inner\"  >\n\t\t\t\n\t\t\t\n<h2 style=\"color:#876bcd;\">Jahresmitgliedschaft \u2013 F\u00f6rdermitglied werden &amp; alle Vorteile sichern<\/h2>\n<p><strong>F\u00f6rdermitgliedschaft:<\/strong> F\u00fcr 480,00\u202fEuro pro Jahr (40\u202f\u20ac\/Monat, zahlbar im Voraus) erhalten Sie Zugang zu umfassender Unterst\u00fctzung und exklusiven Vorteilen:<\/p>\n<ul>\n<li>Monatlich eine psychologische Online-Beratung (30 Min.) inklusive<\/li>\n<li>Individueller Login f\u00fcr die Homepage &amp; Mitgliederbereich<\/li>\n<li>Zugang zu den moderierten Netzwerk-Treffen (2x monatlich online)<\/li>\n<li>10\u202f% Rabatt auf alle Workshops &amp; Seminare<\/li>\n<li>Mitgestalten, vernetzen, profitieren!<\/li>\n<\/ul>\n<p>Sie bestimmen selbst, welche Angebote Sie nutzen m\u00f6chten. Die F\u00f6rdermitgliedschaft ist f\u00fcr ein Jahr g\u00fcltig und kann j\u00e4hrlich erneuert werden.<\/p>\n<a href=\"\/wp-content\/uploads\/2025\/08\/Antrag-Foerdermitgliedschaft.pdf\" class=\"button primary\" style=\"border-radius:12px;\">\n\t\t<span>Antrag herunterladen (PDF)<\/span>\n\t<i class=\"icon-download\" aria-hidden=\"true\"><\/i><\/a>\n\n\t\t<\/div>\n\t\t\t\t\n<style>\n#col-12754419 > .col-inner {\n  padding: 0 0 0 5%;\n}\n<\/style>\n\t<\/div>\n\n\t\n<\/div>\n\t\t<\/div>\n\n\t\t\n<style>\n#section_224931591 {\n  padding-top: 21px;\n  padding-bottom: 21px;\n  background-color: rgb(244, 244, 244);\n}\n@media (min-width:550px) {\n  #section_224931591 {\n    padding-top: 50px;\n    padding-bottom: 50px;\n  }\n}\n<\/style>\n\t<\/section>\n\t\n\n\t<section class=\"section\" id=\"section_1695244634\">\n\t\t<div class=\"section-bg fill\" >\n\t\t\t\t\t\t\t\t\t\n\t\t\t\n\n\t\t<\/div>\n\n\t\t\n\n\t\t<div class=\"section-content relative\">\n\t\t\t\n<div class=\"row align-center\"  id=\"row-1496098655\">\n\n\t<div id=\"col-1356487379\" class=\"col medium-12 small-12 large-12\"  >\n\t\t\t\t<div class=\"col-inner\"  >\n\t\t\t\n\t\t\t\n<h2 style=\"text-align:center;\">So funktioniert der Einstieg<\/h2>\n<ol style=\"font-size: 110%;\">\n<li><strong>Antrag auf F\u00f6rdermitgliedschaft<\/strong> downloaden, ausf\u00fcllen und per E-Mail einreichen: <a href=\"mailto:cb@afmg.at\">cb@afmg.at<\/a><\/li>\n<li><strong>Zahlung:<\/strong> Nach Annahme des Antrags \u00fcberweisen Sie den Jahresbeitrag auf unser Vereinskonto.<\/li>\n<li><strong>Zugang erhalten:<\/strong> Sie bekommen Ihren individuellen Akademie-Login per E-Mail und k\u00f6nnen sofort alle Vorteile nutzen.<\/li>\n<\/ol>\n<a href=\"mailto:cb@afmg.at\" class=\"button secondary\" style=\"border-radius:12px;\">\n\t\t<span>Antrag jetzt einreichen<\/span>\n\t<\/a>\n\n\t\t<\/div>\n\t\t\t\t\n<style>\n#col-1356487379 > .col-inner {\n  padding: 0 0 0 0;\n}\n<\/style>\n\t<\/div>\n\n\t\n<\/div>\n\t\t<\/div>\n\n\t\t\n<style>\n#section_1695244634 {\n  padding-top: 38px 0 0 0;\n  padding-bottom: 38px 0 0 0;\n  background-color: rgb(255,255,255);\n}\n<\/style>\n\t<\/section>\n\t\n\n\t<section class=\"section\" id=\"section_1911247158\">\n\t\t<div class=\"section-bg fill\" >\n\t\t\t\t\t\t\t\t\t\n\t\t\t\n\n\t\t<\/div>\n\n\t\t\n\n\t\t<div class=\"section-content relative\">\n\t\t\t\n<div class=\"row\"  id=\"row-1899255844\">\n\n\t<div id=\"col-1807332447\" class=\"col small-12 large-12\"  >\n\t\t\t\t<div class=\"col-inner\"  >\n\t\t\t\n\t\t\t\n<h2>Ihre Vorteile als Mitglied auf einen Blick<\/h2>\n<ul>\n<li>Kompetente psychologische Beratung durch erfahrene Expert:innen<\/li>\n<li>Exklusive Netzwerk-Treffen und Austausch mit anderen Mitgliedern<\/li>\n<li>Zugang zu Online-Workshops &amp; Verg\u00fcnstigungen<\/li>\n<li>Flexible Nutzung der Angebote \u2013 je nach Lebenssituation<\/li>\n<li>Volle Transparenz, keine versteckten Kosten, seri\u00f6se Betreuung<\/li>\n<\/ul>\n\t\t<\/div>\n\t\t\t\t\t<\/div>\n\n\t\n<\/div>\n\t\t<\/div>\n\n\t\t\n<style>\n#section_1911247158 {\n  padding-top: 35px;\n  padding-bottom: 35px;\n  background-color: rgb(247, 246, 246);\n}\n<\/style>\n\t<\/section>\n\t\n\n\t<section class=\"section dark\" id=\"section_279452175\">\n\t\t<div class=\"section-bg fill\" >\n\t\t\t\t\t\t\t\t\t\n\t\t\t\n\n\t\t<\/div>\n\n\t\t\n\n\t\t<div class=\"section-content relative\">\n\t\t\t\n<div class=\"row align-center\"  id=\"row-419673182\">\n\n\t<div id=\"col-1552235287\" class=\"col small-12 large-12\"  >\n\t\t\t\t<div class=\"col-inner\"  >\n\t\t\t\n\t\t\t\n<h2>Fragen &amp; Antworten zur Mitgliedschaft<\/h2>\n<div class=\"accordion\">\n\t<div id=\"accordion-156965190\" class=\"accordion-item\">\n\t\t<a id=\"accordion-156965190-label\" class=\"accordion-title plain\" href=\"#accordion-item-brauche-ich-eine-mitgliedschaft-f\u00fcr-alle-angebote?\" aria-expanded=\"false\" aria-controls=\"accordion-156965190-content\">\n\t\t\t<button class=\"toggle\" aria-label=\"Umschalten\"><i class=\"icon-angle-down\" aria-hidden=\"true\"><\/i><\/button>\n\t\t\t<span>Brauche ich eine Mitgliedschaft f\u00fcr alle Angebote?<\/span>\n\t\t<\/a>\n\t\t<div id=\"accordion-156965190-content\" class=\"accordion-inner\" aria-labelledby=\"accordion-156965190-label\">\n\t\t\t\n<p>F\u00fcr die Nutzung unserer psychologischen Beratungen und Netzwerkangebote ist eine F\u00f6rdermitgliedschaft oder Tagesmitgliedschaft erforderlich. F\u00fcr einzelne Veranstaltungen (z.\u202fB. Seminare) k\u00f6nnen auch Nicht-Mitglieder teilnehmen \u2013 sprechen Sie uns gerne an!<\/p>\n\t\t<\/div>\n\t<\/div>\n\t\n\t<div id=\"accordion-3430305962\" class=\"accordion-item\">\n\t\t<a id=\"accordion-3430305962-label\" class=\"accordion-title plain\" href=\"#accordion-item-was-unterscheidet-tages--und-f\u00f6rdermitgliedschaft?\" aria-expanded=\"false\" aria-controls=\"accordion-3430305962-content\">\n\t\t\t<button class=\"toggle\" aria-label=\"Umschalten\"><i class=\"icon-angle-down\" aria-hidden=\"true\"><\/i><\/button>\n\t\t\t<span>Was unterscheidet Tages- und F\u00f6rdermitgliedschaft?<\/span>\n\t\t<\/a>\n\t\t<div id=\"accordion-3430305962-content\" class=\"accordion-inner\" aria-labelledby=\"accordion-3430305962-label\">\n\t\t\t\n<p>Die Tagesmitgliedschaft ist f\u00fcr einmalige Beratungen gedacht und endet automatisch. Die F\u00f6rdermitgliedschaft bietet regelm\u00e4\u00dfige Beratung, Zugang zum Netzwerkbereich und viele weitere Vorteile.<\/p>\n\t\t<\/div>\n\t<\/div>\n\t\n\t<div id=\"accordion-1798140696\" class=\"accordion-item\">\n\t\t<a id=\"accordion-1798140696-label\" class=\"accordion-title plain\" href=\"#accordion-item-wie-funktioniert-der-zugang-zur-beratung-und-zu-den-angeboten?\" aria-expanded=\"false\" aria-controls=\"accordion-1798140696-content\">\n\t\t\t<button class=\"toggle\" aria-label=\"Umschalten\"><i class=\"icon-angle-down\" aria-hidden=\"true\"><\/i><\/button>\n\t\t\t<span>Wie funktioniert der Zugang zur Beratung und zu den Angeboten?<\/span>\n\t\t<\/a>\n\t\t<div id=\"accordion-1798140696-content\" class=\"accordion-inner\" aria-labelledby=\"accordion-1798140696-label\">\n\t\t\t\n<p>F\u00f6rdermitglieder erhalten nach Zahlungseingang einen individuellen Zugang zur Akademie per E-Mail. Tagesmitglieder erhalten keine Zugangsdaten, sondern vereinbaren den Termin direkt per E-Mail.<\/p>\n\t\t<\/div>\n\t<\/div>\n\t\n\t<div id=\"accordion-1498930505\" class=\"accordion-item\">\n\t\t<a id=\"accordion-1498930505-label\" class=\"accordion-title plain\" href=\"#accordion-item-kann-ich-auch-als-unternehmen-mitglied-werden?\" aria-expanded=\"false\" aria-controls=\"accordion-1498930505-content\">\n\t\t\t<button class=\"toggle\" aria-label=\"Umschalten\"><i class=\"icon-angle-down\" aria-hidden=\"true\"><\/i><\/button>\n\t\t\t<span>Kann ich auch als Unternehmen Mitglied werden?<\/span>\n\t\t<\/a>\n\t\t<div id=\"accordion-1498930505-content\" class=\"accordion-inner\" aria-labelledby=\"accordion-1498930505-label\">\n\t\t\t\n<p>Sehr gerne! F\u00fcr individuelle Firmenmitgliedschaften oder Kooperationsmodelle nehmen Sie bitte Kontakt mit uns auf.<\/p>\n\t\t<\/div>\n\t<\/div>\n\t\n\t<div id=\"accordion-1505673049\" class=\"accordion-item\">\n\t\t<a id=\"accordion-1505673049-label\" class=\"accordion-title plain\" href=\"#accordion-item-wie-kann-ich-k\u00fcndigen?\" aria-expanded=\"false\" aria-controls=\"accordion-1505673049-content\">\n\t\t\t<button class=\"toggle\" aria-label=\"Umschalten\"><i class=\"icon-angle-down\" aria-hidden=\"true\"><\/i><\/button>\n\t\t\t<span>Wie kann ich k\u00fcndigen?<\/span>\n\t\t<\/a>\n\t\t<div id=\"accordion-1505673049-content\" class=\"accordion-inner\" aria-labelledby=\"accordion-1505673049-label\">\n\t\t\t\n<p>Die Mitgliedschaft endet automatisch nach einem Jahr und kann jederzeit erneuert werden. Eine K\u00fcndigung vor Ablauf ist m\u00f6glich \u2013 bitte kontaktieren Sie uns hierzu pers\u00f6nlich.<\/p>\n\t\t<\/div>\n\t<\/div>\n\t\n<\/div>\n\t\t<\/div>\n\t\t\t\t\t<\/div>\n\n\t\n<\/div>\n\t\t<\/div>\n\n\t\t\n<style>\n#section_279452175 {\n  padding-top: 40px;\n  padding-bottom: 40px;\n  background-color: #876bcd;\n}\n<\/style>\n\t<\/section>\n\t\n\n\t<section class=\"section\" id=\"section_916692537\">\n\t\t<div class=\"section-bg fill\" >\n\t\t\t\t\t\t\t\t\t\n\t\t\t\n\n\t\t<\/div>\n\n\t\t\n\n\t\t<div class=\"section-content relative\">\n\t\t\t\n<div class=\"row align-center\"  id=\"row-1540972994\">\n\n\t<div id=\"col-1176060512\" class=\"col small-12 large-12\"  >\n\t\t\t\t<div class=\"col-inner\"  >\n\t\t\t\n\t\t\t\n\t<div id=\"text-536698062\" class=\"text\">\n\t\t\n<h2>Jetzt Teil der Akademie werden &amp; mentale Gesundheit st\u00e4rken!<\/h2>\n<p>Gemeinsam f\u00fcr mehr Lebensqualit\u00e4t, Resilienz und ein starkes Netzwerk.<br \/>\nHaben Sie Fragen oder w\u00fcnschen Sie eine pers\u00f6nliche Beratung?<br \/>\nKontaktieren Sie uns jederzeit \u2013 wir sind f\u00fcr Sie da!<\/p>\n\t\t\n<style>\n#text-536698062 {\n  text-align: center;\n}\n<\/style>\n\t<\/div>\n\t\n<a href=\"\/kontakt\/\" class=\"button secondary is-large\" style=\"border-radius:15px;\">\n\t\t<span>Jetzt Kontakt aufnehmen<\/span>\n\t<\/a>\n\n\t\t<\/div>\n\t\t\t\t\t<\/div>\n\n\t\n<\/div>\n\t\t<\/div>\n\n\t\t\n<style>\n#section_916692537 {\n  padding-top: 28px;\n  padding-bottom: 28px;\n  background-color: rgb(255,255,255);\n}\n<\/style>\n\t<\/section>\n\t\n","protected":false},"excerpt":{"rendered":"","protected":false},"author":1,"featured_media":0,"parent":0,"menu_order":0,"comment_status":"closed","ping_status":"closed","template":"page-blank.php","meta":{"footnotes":""},"class_list":["post-2638","page","type-page","status-publish","hentry"],"_links":{"self":[{"href":"https:\/\/demo.labella-consulting.de\/index.php\/wp-json\/wp\/v2\/pages\/2638","targetHints":{"allow":["GET"]}}],"collection":[{"href":"https:\/\/demo.labella-consulting.de\/index.php\/wp-json\/wp\/v2\/pages"}],"about":[{"href":"https:\/\/demo.labella-consulting.de\/index.php\/wp-json\/wp\/v2\/types\/page"}],"author":[{"embeddable":true,"href":"https:\/\/demo.labella-consulting.de\/index.php\/wp-json\/wp\/v2\/users\/1"}],"replies":[{"embeddable":true,"href":"https:\/\/demo.labella-consulting.de\/index.php\/wp-json\/wp\/v2\/comments?post=2638"}],"version-history":[{"count":1,"href":"https:\/\/demo.labella-consulting.de\/index.php\/wp-json\/wp\/v2\/pages\/2638\/revisions"}],"predecessor-version":[{"id":2639,"href":"https:\/\/demo.labella-consulting.de\/index.php\/wp-json\/wp\/v2\/pages\/2638\/revisions\/2639"}],"wp:attachment":[{"href":"https:\/\/demo.labella-consulting.de\/index.php\/wp-json\/wp\/v2\/media?parent=2638"}],"curies":[{"name":"wp","href":"https:\/\/api.w.org\/{rel}","templated":true}]}}