{"id":1703,"date":"2024-07-03T09:38:10","date_gmt":"2024-07-03T09:38:10","guid":{"rendered":"http:\/\/192.168.0.235:10004\/?page_id=1703"},"modified":"2025-08-04T12:08:33","modified_gmt":"2025-08-04T12:08:33","slug":"beratungsangebot","status":"publish","type":"page","link":"https:\/\/demo.labella-consulting.de\/index.php\/beratungsangebot\/","title":{"rendered":"Beratungsangebot"},"content":{"rendered":"\n\t<section class=\"section\" id=\"section_1331242115\">\n\t\t<div class=\"section-bg fill\" >\n\t\t\t\t\t\t\t\t\t\n\t\t\t\n\n\t\t<\/div>\n\n\t\t\n\n\t\t<div class=\"section-content relative\">\n\t\t\t\n<div class=\"row\"  id=\"row-1923487749\">\n\n\t<div id=\"col-1114017557\" class=\"col small-12 large-12\"  >\n\t\t\t\t<div class=\"col-inner\"  >\n\t\t\t\n\t\t\t\n<p>Unser Beartungsangebot<\/p>\n<h2>Therapie &amp; Behandlungsangebote<\/h2>\n<p>Die Akademie f\u00fcr mentale Gesundheit &amp; Lebensgestaltung unterst\u00fctzt und begleitet zum einen Menschen mit mentalen Belastungen &amp; Erkrankungen und zum anderen Selbstst\u00e4ndige und mittelst\u00e4ndische Unternehmer mit wirtschaftlichen Fragestellungen.<\/p>\n\n  \n    <div class=\"row large-columns-3 medium-columns- small-columns-2\" >\n  <div class=\"page-col col\" data-animate=\"flipInX\">\n          <div class=\"col-inner\" >\n          <a class=\"block plain\" href=\"https:\/\/demo.labella-consulting.de\/index.php\/beratungsangebot\/personlichkeitsentwicklung\/\" title=\"Pers\u00f6nlichkeitsentwicklung\" target=\"\">\n            <div class=\"page-box box has-hover\">\n                  <div class=\"box-image\" >\n                      <div class=\"box-image image-cover\" style=\"padding-top:100%;\">\n                      <img loading=\"lazy\" decoding=\"async\" width=\"300\" height=\"180\" src=\"https:\/\/demo.labella-consulting.de\/wp-content\/uploads\/2024\/07\/5-2-300x180.webp\" class=\"attachment-medium size-medium\" alt=\"\" srcset=\"https:\/\/demo.labella-consulting.de\/wp-content\/uploads\/2024\/07\/5-2-300x180.webp 300w, https:\/\/demo.labella-consulting.de\/wp-content\/uploads\/2024\/07\/5-2-768x461.webp 768w, https:\/\/demo.labella-consulting.de\/wp-content\/uploads\/2024\/07\/5-2.webp 1000w\" sizes=\"auto, (max-width: 300px) 100vw, 300px\" \/>                      <\/div>\n                                                              <\/div>\n                  <div class=\"box-text text-left\" >\n                        <div class=\"box-text-inner\">\n                            <p>Pers\u00f6nlichkeitsentwicklung<\/p>\n                        <\/div>\n                  <\/div>\n              <\/div>\n            <\/a>\n            <\/div>\n          <\/div><div class=\"page-col col\" data-animate=\"flipInX\">\n          <div class=\"col-inner\" >\n          <a class=\"block plain\" href=\"https:\/\/demo.labella-consulting.de\/index.php\/beratungsangebot\/psychologische-einzelberatung\/\" title=\"Psychologische Einzelberatung\" target=\"\">\n            <div class=\"page-box box has-hover\">\n                  <div class=\"box-image\" >\n                      <div class=\"box-image image-cover\" style=\"padding-top:100%;\">\n                      <img loading=\"lazy\" decoding=\"async\" width=\"300\" height=\"200\" src=\"https:\/\/demo.labella-consulting.de\/wp-content\/uploads\/2025\/05\/business-coach-300x200.jpeg\" class=\"attachment-medium size-medium\" alt=\"\" srcset=\"https:\/\/demo.labella-consulting.de\/wp-content\/uploads\/2025\/05\/business-coach-300x200.jpeg 300w, https:\/\/demo.labella-consulting.de\/wp-content\/uploads\/2025\/05\/business-coach-1024x683.jpeg 1024w, https:\/\/demo.labella-consulting.de\/wp-content\/uploads\/2025\/05\/business-coach-768x512.jpeg 768w, https:\/\/demo.labella-consulting.de\/wp-content\/uploads\/2025\/05\/business-coach.jpeg 1280w\" sizes=\"auto, (max-width: 300px) 100vw, 300px\" \/>                      <\/div>\n                                                              <\/div>\n                  <div class=\"box-text text-left\" >\n                        <div class=\"box-text-inner\">\n                            <p>Psychologische Einzelberatung<\/p>\n                        <\/div>\n                  <\/div>\n              <\/div>\n            <\/a>\n            <\/div>\n          <\/div><div class=\"page-col col\" data-animate=\"flipInX\">\n          <div class=\"col-inner\" >\n          <a class=\"block plain\" href=\"https:\/\/demo.labella-consulting.de\/index.php\/beratungsangebot\/beratung-fur-angehorige\/\" title=\"Beratung f\u00fcr Angeh\u00f6rige\" target=\"\">\n            <div class=\"page-box box has-hover\">\n                  <div class=\"box-image\" >\n                      <div class=\"box-image image-cover\" style=\"padding-top:100%;\">\n                      <img loading=\"lazy\" decoding=\"async\" width=\"300\" height=\"300\" src=\"https:\/\/demo.labella-consulting.de\/wp-content\/uploads\/2024\/06\/6-300x300.webp\" class=\"attachment-medium size-medium\" alt=\"\" srcset=\"https:\/\/demo.labella-consulting.de\/wp-content\/uploads\/2024\/06\/6-300x300.webp 300w, https:\/\/demo.labella-consulting.de\/wp-content\/uploads\/2024\/06\/6-150x150.webp 150w, https:\/\/demo.labella-consulting.de\/wp-content\/uploads\/2024\/06\/6-87x87.webp 87w, https:\/\/demo.labella-consulting.de\/wp-content\/uploads\/2024\/06\/6.webp 500w\" sizes=\"auto, (max-width: 300px) 100vw, 300px\" \/>                      <\/div>\n                                                              <\/div>\n                  <div class=\"box-text text-left\" >\n                        <div class=\"box-text-inner\">\n                            <p>Beratung f\u00fcr Angeh\u00f6rige<\/p>\n                        <\/div>\n                  <\/div>\n              <\/div>\n            <\/a>\n            <\/div>\n          <\/div><div class=\"page-col col\" data-animate=\"flipInX\">\n          <div class=\"col-inner\" >\n          <a class=\"block plain\" href=\"https:\/\/demo.labella-consulting.de\/index.php\/beratungsangebot\/seminare-workshops\/\" title=\"Seminare &amp; Workshops\" target=\"\">\n            <div class=\"page-box box has-hover\">\n                  <div class=\"box-image\" >\n                      <div class=\"box-image image-cover\" style=\"padding-top:100%;\">\n                      <img loading=\"lazy\" decoding=\"async\" width=\"300\" height=\"193\" src=\"https:\/\/demo.labella-consulting.de\/wp-content\/uploads\/2025\/08\/a-man-attends-a-video-conference-meeting-on-laptop-2025-03-18-18-07-00-utc-300x193.jpg\" class=\"attachment-medium size-medium\" alt=\"\" srcset=\"https:\/\/demo.labella-consulting.de\/wp-content\/uploads\/2025\/08\/a-man-attends-a-video-conference-meeting-on-laptop-2025-03-18-18-07-00-utc-300x193.jpg 300w, https:\/\/demo.labella-consulting.de\/wp-content\/uploads\/2025\/08\/a-man-attends-a-video-conference-meeting-on-laptop-2025-03-18-18-07-00-utc-1024x660.jpg 1024w, https:\/\/demo.labella-consulting.de\/wp-content\/uploads\/2025\/08\/a-man-attends-a-video-conference-meeting-on-laptop-2025-03-18-18-07-00-utc-768x495.jpg 768w, https:\/\/demo.labella-consulting.de\/wp-content\/uploads\/2025\/08\/a-man-attends-a-video-conference-meeting-on-laptop-2025-03-18-18-07-00-utc-1536x990.jpg 1536w, https:\/\/demo.labella-consulting.de\/wp-content\/uploads\/2025\/08\/a-man-attends-a-video-conference-meeting-on-laptop-2025-03-18-18-07-00-utc-2048x1320.jpg 2048w\" sizes=\"auto, (max-width: 300px) 100vw, 300px\" \/>                      <\/div>\n                                                              <\/div>\n                  <div class=\"box-text text-left\" >\n                        <div class=\"box-text-inner\">\n                            <p>Seminare &amp; Workshops<\/p>\n                        <\/div>\n                  <\/div>\n              <\/div>\n            <\/a>\n            <\/div>\n          <\/div><div class=\"page-col col\" data-animate=\"flipInX\">\n          <div class=\"col-inner\" >\n          <a class=\"block plain\" href=\"https:\/\/demo.labella-consulting.de\/index.php\/beratungsangebot\/online-beratung-tagesmitgliedschaft\/\" title=\"Online-Beratung &amp; Tagesmitgliedschaft\" target=\"\">\n            <div class=\"page-box box has-hover\">\n                  <div class=\"box-image\" >\n                      <div class=\"box-image image-cover\" style=\"padding-top:100%;\">\n                      <img loading=\"lazy\" decoding=\"async\" width=\"300\" height=\"200\" src=\"https:\/\/demo.labella-consulting.de\/wp-content\/uploads\/2025\/05\/Gross-concept-of-free-from-office-smart-work-activity-wi-2025-03-07-23-52-32-utc-300x200.jpeg\" class=\"attachment-medium size-medium\" alt=\"\" srcset=\"https:\/\/demo.labella-consulting.de\/wp-content\/uploads\/2025\/05\/Gross-concept-of-free-from-office-smart-work-activity-wi-2025-03-07-23-52-32-utc-300x200.jpeg 300w, https:\/\/demo.labella-consulting.de\/wp-content\/uploads\/2025\/05\/Gross-concept-of-free-from-office-smart-work-activity-wi-2025-03-07-23-52-32-utc-1024x683.jpeg 1024w, https:\/\/demo.labella-consulting.de\/wp-content\/uploads\/2025\/05\/Gross-concept-of-free-from-office-smart-work-activity-wi-2025-03-07-23-52-32-utc-768x512.jpeg 768w, https:\/\/demo.labella-consulting.de\/wp-content\/uploads\/2025\/05\/Gross-concept-of-free-from-office-smart-work-activity-wi-2025-03-07-23-52-32-utc.jpeg 1280w\" sizes=\"auto, (max-width: 300px) 100vw, 300px\" \/>                      <\/div>\n                                                              <\/div>\n                  <div class=\"box-text text-left\" >\n                        <div class=\"box-text-inner\">\n                            <p>Online-Beratung &amp; Tagesmitgliedschaft<\/p>\n                        <\/div>\n                  <\/div>\n              <\/div>\n            <\/a>\n            <\/div>\n          <\/div><\/div>\n\t\t<\/div>\n\t\t\t\t\t<\/div>\n\n\t\n<\/div>\n\t\t<\/div>\n\n\t\t\n<style>\n#section_1331242115 {\n  padding-top: 30px;\n  padding-bottom: 30px;\n}\n<\/style>\n\t<\/section>\n\t\n","protected":false},"excerpt":{"rendered":"","protected":false},"author":1,"featured_media":0,"parent":0,"menu_order":0,"comment_status":"closed","ping_status":"closed","template":"","meta":{"footnotes":""},"class_list":["post-1703","page","type-page","status-publish","hentry"],"_links":{"self":[{"href":"https:\/\/demo.labella-consulting.de\/index.php\/wp-json\/wp\/v2\/pages\/1703","targetHints":{"allow":["GET"]}}],"collection":[{"href":"https:\/\/demo.labella-consulting.de\/index.php\/wp-json\/wp\/v2\/pages"}],"about":[{"href":"https:\/\/demo.labella-consulting.de\/index.php\/wp-json\/wp\/v2\/types\/page"}],"author":[{"embeddable":true,"href":"https:\/\/demo.labella-consulting.de\/index.php\/wp-json\/wp\/v2\/users\/1"}],"replies":[{"embeddable":true,"href":"https:\/\/demo.labella-consulting.de\/index.php\/wp-json\/wp\/v2\/comments?post=1703"}],"version-history":[{"count":15,"href":"https:\/\/demo.labella-consulting.de\/index.php\/wp-json\/wp\/v2\/pages\/1703\/revisions"}],"predecessor-version":[{"id":2635,"href":"https:\/\/demo.labella-consulting.de\/index.php\/wp-json\/wp\/v2\/pages\/1703\/revisions\/2635"}],"wp:attachment":[{"href":"https:\/\/demo.labella-consulting.de\/index.php\/wp-json\/wp\/v2\/media?parent=1703"}],"curies":[{"name":"wp","href":"https:\/\/api.w.org\/{rel}","templated":true}]}}