{"id":1279,"date":"2024-07-02T07:40:07","date_gmt":"2024-07-02T07:40:07","guid":{"rendered":"http:\/\/192.168.0.235:10004\/?page_id=1279"},"modified":"2025-08-04T10:17:21","modified_gmt":"2025-08-04T10:17:21","slug":"online-beratung-tagesmitgliedschaft","status":"publish","type":"page","link":"https:\/\/demo.labella-consulting.de\/index.php\/beratungsangebot\/online-beratung-tagesmitgliedschaft\/","title":{"rendered":"Online-Beratung &amp; Tagesmitgliedschaft"},"content":{"rendered":"\n\t<section class=\"section\" id=\"section_1618062646\">\n\t\t<div class=\"section-bg fill\" >\n\t\t\t\t\t\t\t<div class=\"video-overlay no-click fill visible\"><\/div>\n\t<video class=\"video-bg fill visible\" preload playsinline autoplay muted loop>\n\t\t<source src=\"https:\/\/demo.labella-consulting.de\/wp-content\/uploads\/2025\/08\/female-student-study-online-and-learns-video-lesson-with-teacher-using-laptop-at-ho-SBV-338727279-HD.mp4\" type=\"video\/mp4\">\t<\/video>\n\t\t\t<div class=\"section-bg-overlay absolute fill\"><\/div>\n\t\t\t\n\n\t\t<\/div>\n\n\t\t\n\n\t\t<div class=\"section-content relative\">\n\t\t\t\n<div class=\"row\"  id=\"row-660157841\">\n\n\t<div id=\"col-2009270381\" class=\"col small-12 large-12\"  >\n\t\t\t\t<div class=\"col-inner\"  >\n\t\t\t\n\t\t\t\n\t<div id=\"text-1891472899\" class=\"text\">\n\t\t\n<h1 class=\"thin-font uppercase\"><span style=\"font-size: 100%;\">Online-Beratung &amp; Tagesmitgliedschaft \u2013<br \/>Schnelle Hilfe, ganz flexibel<\/span><\/h1>\n\t\t\n<style>\n#text-1891472899 {\n  text-align: center;\n  color: rgb(255,255,255);\n}\n#text-1891472899 > * {\n  color: rgb(255,255,255);\n}\n<\/style>\n\t<\/div>\n\t\n\t\t<\/div>\n\t\t\t\t\t<\/div>\n\n\t\n<\/div>\n\t\t<\/div>\n\n\t\t\n<style>\n#section_1618062646 {\n  padding-top: 31px;\n  padding-bottom: 31px;\n  min-height: 300px;\n}\n#section_1618062646 .section-bg-overlay {\n  background-color: rgba(0,0,0,.5);\n}\n@media (min-width:550px) {\n  #section_1618062646 {\n    min-height: 400px;\n  }\n}\n@media (min-width:850px) {\n  #section_1618062646 {\n    min-height: 564px;\n  }\n}\n<\/style>\n\t<\/section>\n\t\n\n\t<section class=\"section\" id=\"section_1750130236\">\n\t\t<div class=\"section-bg fill\" >\n\t\t\t\t\t\t\t\t\t\n\t\t\t\n\n\t\t<\/div>\n\n\t\t\n\n\t\t<div class=\"section-content relative\">\n\t\t\t\n<div class=\"row align-center\"  id=\"row-1394301107\">\n\n\t<div id=\"col-834787540\" class=\"col medium-12 small-12 large-6\"  >\n\t\t\t\t<div class=\"col-inner\" style=\"background-color:rgb(241, 241, 241);\" >\n\t\t\t\n\t<div class=\"is-border\"\n\t\tstyle=\"border-color:rgba(146, 125, 86, 0.384);border-width:10px 0px 0px 0px;\">\n\t<\/div>\n\t\t\t\n\t<div id=\"text-3321959199\" class=\"text\">\n\t\t\n<p><strong>Online-Beratung auf einen Blick \u2013 punktuell, professionell, pers\u00f6nlich<\/strong><br \/>\n\t\t\n<style>\n#text-3321959199 {\n  font-size: 1.25rem;\n}\n<\/style>\n\t<\/div>\n\t\n<ul>\n<li class=\"bullet-arrow\"><strong>Unkomplizierter Zugang:<\/strong> Keine Jahresmitgliedschaft n\u00f6tig \u2013 eine E-Mail gen\u00fcgt f\u00fcr deine Beratung.<\/li>\n<li class=\"bullet-arrow\"><strong>Einmalige Tagesmitgliedschaft:<\/strong> 60\u202f\u20ac pro Sitzung, keine Verpflichtung, kein Abo, keine Login-Pflicht.<\/li>\n<li class=\"bullet-arrow\"><strong>Psychologische Beratung (50 Minuten):<\/strong> Professioneller Rahmen f\u00fcr deine akuten Themen und Sorgen.<\/li>\n<li class=\"bullet-arrow\"><strong>Flexibel &amp; ortsunabh\u00e4ngig:<\/strong> Online per Videocall \u2013 bequem von \u00fcberall, Kamera optional.<\/li>\n<li class=\"bullet-arrow\"><strong>Vertraulich &amp; professionell:<\/strong> Absolute Diskretion, Schweigepflicht, empathische Begleitung.<\/li>\n<li class=\"bullet-arrow\"><strong>Niederschwellige Unterst\u00fctzung:<\/strong> F\u00fcr alle Lebenslagen, ohne H\u00fcrde oder Stigma.<\/li>\n<\/ul>\n<p style=\"font-weight:bold;margin-top:20px;\">ab 60\u202f\u20ac \/ Sitzung \u2013 einfach per E-Mail buchen<\/p>\n\t\t<\/div>\n\t\t\t\t\n<style>\n#col-834787540 > .col-inner {\n  padding: 15% 10% 5% 10%;\n  margin: 0 0px 0px 0px;\n}\n@media (min-width:550px) {\n  #col-834787540 > .col-inner {\n    padding: 10% 10% 8% 10%;\n  }\n}\n@media (min-width:850px) {\n  #col-834787540 > .col-inner {\n    padding: 15% 15% 10% 15%;\n    margin: -172px 0px 0px 0px;\n  }\n}\n<\/style>\n\t<\/div>\n\n\t\n\n\t<div id=\"col-723554000\" class=\"col medium-12 small-12 large-6\"  >\n\t\t\t\t<div class=\"col-inner\"  >\n\t\t\t\n\t\t\t\n\t<div id=\"gap-445621961\" class=\"gap-element clearfix\" style=\"display:block; height:auto;\">\n\t\t\n<style>\n#gap-445621961 {\n  padding-top: 10px;\n}\n@media (min-width:550px) {\n  #gap-445621961 {\n    padding-top: 20px;\n  }\n}\n@media (min-width:850px) {\n  #gap-445621961 {\n    padding-top: 30px;\n  }\n}\n<\/style>\n\t<\/div>\n\t\n\t<div id=\"text-1694982267\" class=\"text\">\n\t\t\n<h2>Online-Beratung flexibel &amp; schnell \u2013 mit Tagesmitgliedschaft bei AFMG.at<\/h2>\n\t\t\n<style>\n#text-1694982267 {\n  font-size: 1rem;\n}\n<\/style>\n\t<\/div>\n\t\n<p>\nManchmal braucht es keine langfristige Bindung, sondern einfach ein Gespr\u00e4ch: schnell, vertraulich, unkompliziert. Unsere Tagesmitgliedschaft erm\u00f6glicht dir sofortigen Zugang zu professioneller psychologischer Online-Beratung \u2013 ohne Registrierung oder H\u00fcrden. Schreibe uns einfach eine E-Mail, und wir vereinbaren zeitnah einen Termin.\n<\/p>\n<p>\nDie Tagesmitgliedschaft kostet 60\u202f\u20ac und endet automatisch nach deiner Sitzung. Es gibt kein Abo, keine versteckten Kosten, keine Zugangsbeschr\u00e4nkungen \u2013 ideal f\u00fcr alle, die punktuelle Hilfe suchen oder sich in einer akuten Situation Unterst\u00fctzung w\u00fcnschen.\n<\/p>\n<p>\nIn einer 50-min\u00fctigen Beratung bekommst du Raum f\u00fcr alles, was dich bewegt: Krisen, Belastungen, Entscheidungsfragen oder einfach das Bed\u00fcrfnis, einmal alles loszuwerden. Unsere erfahrenen Berater:innen begleiten dich achtsam, professionell und absolut vertraulich \u2013 per gesichertem Online-Videocall, wann und wo es f\u00fcr dich passt.\n<\/p>\n<p>\n<strong>Du musst nicht \u201ekrank genug\u201c sein, um dir Hilfe zu holen. Unser Angebot ist offen f\u00fcr jede:n, der einfach mal Unterst\u00fctzung, Entlastung oder Orientierung sucht. Buch deine Online-Beratung jetzt \u2013 unkompliziert, empathisch, auf Augenh\u00f6he.<\/strong><\/p>\n<a href=\"#kontakt\" class=\"button primary\" style=\"border-radius:18px;\">\n\t\t<span>Jetzt Termin anfragen<\/span>\n\t<\/a>\n\n\t\t<\/div>\n\t\t\t\t\n<style>\n#col-723554000 > .col-inner {\n  padding: 0px 10% 0px 0px;\n}\n<\/style>\n\t<\/div>\n\n\t\n<\/div>\n\t\t<\/div>\n\n\t\t\n<style>\n#section_1750130236 {\n  padding-top: 30px;\n  padding-bottom: 30px;\n}\n<\/style>\n\t<\/section>\n\t\n\n\t<section class=\"section\" id=\"section_843103846\">\n\t\t<div class=\"section-bg fill\" >\n\t\t\t\t\t\t\t\t\t\n\t\t\t\n\n\t\t<\/div>\n\n\t\t\n\n\t\t<div class=\"section-content relative\">\n\t\t\t\n<div class=\"row\"  id=\"row-1844589007\">\n\n\t<div id=\"col-128179968\" class=\"col small-12 large-12\"  >\n\t\t\t\t<div class=\"col-inner\"  >\n\t\t\t\n\t\t\t\n<h1>Deine Vorteile \u2013 Tagesmitgliedschaft &amp; Online-Beratung<\/h1>\n<ul>\n<li>Sofortiger Zugang zur psychologischen Beratung \u2013 flexibel &amp; niedrigschwellig<\/li>\n<li>Keine Jahresbindung, kein Abo \u2013 einmalige Sitzung, klare Konditionen<\/li>\n<li>Professionelle, empathische Berater:innen mit Erfahrung<\/li>\n<li>Vertraulichkeit, Datenschutz und Schweigepflicht garantiert<\/li>\n<li>Online-Beratung bequem per Videocall, auch ohne Kamera m\u00f6glich<\/li>\n<li>F\u00fcr alle Lebenslagen und Themen offen<\/li>\n<li>Schnelle Terminvergabe und faire Preise<\/li>\n<\/ul>\n\t\t<\/div>\n\t\t\t\t\t<\/div>\n\n\t\n\n<style>\n#row-1844589007 > .col > .col-inner {\n  padding: 56px 0px 0px 0px;\n}\n<\/style>\n<\/div>\n\t\t<\/div>\n\n\t\t\n<style>\n#section_843103846 {\n  padding-top: 23px;\n  padding-bottom: 23px;\n  background-color: rgb(247, 246, 246);\n}\n<\/style>\n\t<\/section>\n\t\n\n\t<section class=\"section dark\" id=\"section_1592130015\">\n\t\t<div class=\"section-bg fill\" >\n\t\t\t\t\t\t\t\t\t\n\t\t\t\n\n\t\t<\/div>\n\n\t\t\n\n\t\t<div class=\"section-content relative\">\n\t\t\t\n\t<div id=\"gap-592089569\" class=\"gap-element clearfix\" style=\"display:block; height:auto;\">\n\t\t\n<style>\n#gap-592089569 {\n  padding-top: 30px;\n}\n<\/style>\n\t<\/div>\n\t\n<div class=\"row\"  id=\"row-642748194\">\n\n\t<div id=\"col-815738408\" class=\"col medium-6 small-12 large-6\"  >\n\t\t\t\t<div class=\"col-inner\"  >\n\t\t\t\n\t\t\t\n<div class=\"accordion\">\n\t<div id=\"accordion-434353517\" class=\"accordion-item\">\n\t\t<a id=\"accordion-434353517-label\" class=\"accordion-title plain\" href=\"#accordion-item-wie-buche-ich-eine-tagesmitgliedschaft?\" aria-expanded=\"false\" aria-controls=\"accordion-434353517-content\">\n\t\t\t<button class=\"toggle\" aria-label=\"Umschalten\"><i class=\"icon-angle-down\" aria-hidden=\"true\"><\/i><\/button>\n\t\t\t<span>Wie buche ich eine Tagesmitgliedschaft?<\/span>\n\t\t<\/a>\n\t\t<div id=\"accordion-434353517-content\" class=\"accordion-inner\" aria-labelledby=\"accordion-434353517-label\">\n\t\t\t\n<p>Ganz einfach per E-Mail an <a href=\"mailto:cb@afmg.at\">cb@afmg.at<\/a> \u2013 wir melden uns zeitnah mit einem Terminvorschlag.<\/p>\n\t\t<\/div>\n\t<\/div>\n\t\n\t<div id=\"accordion-3616063568\" class=\"accordion-item\">\n\t\t<a id=\"accordion-3616063568-label\" class=\"accordion-title plain\" href=\"#accordion-item-was-beinhaltet-die-tagesmitgliedschaft-genau?\" aria-expanded=\"false\" aria-controls=\"accordion-3616063568-content\">\n\t\t\t<button class=\"toggle\" aria-label=\"Umschalten\"><i class=\"icon-angle-down\" aria-hidden=\"true\"><\/i><\/button>\n\t\t\t<span>Was beinhaltet die Tagesmitgliedschaft genau?<\/span>\n\t\t<\/a>\n\t\t<div id=\"accordion-3616063568-content\" class=\"accordion-inner\" aria-labelledby=\"accordion-3616063568-label\">\n\t\t\t\n<p>Eine 50-min\u00fctige psychologische Online-Beratung. Nach dem Gespr\u00e4ch endet die Mitgliedschaft automatisch \u2013 ohne Folgekosten oder weiteren Verpflichtungen.<\/p>\n\t\t<\/div>\n\t<\/div>\n\t\n\t<div id=\"accordion-2733489198\" class=\"accordion-item\">\n\t\t<a id=\"accordion-2733489198-label\" class=\"accordion-title plain\" href=\"#accordion-item-muss-ich-mitglied-im-verein-sein?\" aria-expanded=\"false\" aria-controls=\"accordion-2733489198-content\">\n\t\t\t<button class=\"toggle\" aria-label=\"Umschalten\"><i class=\"icon-angle-down\" aria-hidden=\"true\"><\/i><\/button>\n\t\t\t<span>Muss ich Mitglied im Verein sein?<\/span>\n\t\t<\/a>\n\t\t<div id=\"accordion-2733489198-content\" class=\"accordion-inner\" aria-labelledby=\"accordion-2733489198-label\">\n\t\t\t\n<p>Nein, die Tagesmitgliedschaft ist eine einmalige, eigenst\u00e4ndige Form der Unterst\u00fctzung \u2013 ideal f\u00fcr alle, die punktuell Beratung suchen.<\/p>\n\t\t<\/div>\n\t<\/div>\n\t\n\t<div id=\"accordion-1862738165\" class=\"accordion-item\">\n\t\t<a id=\"accordion-1862738165-label\" class=\"accordion-title plain\" href=\"#accordion-item-ist-das-gespr\u00e4ch-auch-online-vertraulich?\" aria-expanded=\"false\" aria-controls=\"accordion-1862738165-content\">\n\t\t\t<button class=\"toggle\" aria-label=\"Umschalten\"><i class=\"icon-angle-down\" aria-hidden=\"true\"><\/i><\/button>\n\t\t\t<span>Ist das Gespr\u00e4ch auch online vertraulich?<\/span>\n\t\t<\/a>\n\t\t<div id=\"accordion-1862738165-content\" class=\"accordion-inner\" aria-labelledby=\"accordion-1862738165-label\">\n\t\t\t\n<p>Ja, alle Gespr\u00e4che finden \u00fcber eine gesicherte Online-Verbindung statt und unterliegen der Schweigepflicht.<\/p>\n\t\t<\/div>\n\t<\/div>\n\t\n<\/div>\n\t\t<\/div>\n\t\t\t\t\t<\/div>\n\n\t\n\n\t<div id=\"col-729888485\" class=\"col medium-6 small-12 large-6\"  >\n\t\t\t\t<div class=\"col-inner\"  >\n\t\t\t\n\t\t\t\n<div class=\"accordion\">\n\t<div id=\"accordion-485633245\" class=\"accordion-item\">\n\t\t<a id=\"accordion-485633245-label\" class=\"accordion-title plain\" href=\"#accordion-item-kann-ich-danach-in-eine-regul\u00e4re-mitgliedschaft-wechseln?\" aria-expanded=\"false\" aria-controls=\"accordion-485633245-content\">\n\t\t\t<button class=\"toggle\" aria-label=\"Umschalten\"><i class=\"icon-angle-down\" aria-hidden=\"true\"><\/i><\/button>\n\t\t\t<span>Kann ich danach in eine regul\u00e4re Mitgliedschaft wechseln?<\/span>\n\t\t<\/a>\n\t\t<div id=\"accordion-485633245-content\" class=\"accordion-inner\" aria-labelledby=\"accordion-485633245-label\">\n\t\t\t\n<p>Ja, wenn du weitere Angebote nutzen m\u00f6chtest, kannst du jederzeit eine Jahres- oder F\u00f6rdermitgliedschaft beantragen.<\/p>\n\t\t<\/div>\n\t<\/div>\n\t\n\t<div id=\"accordion-3203085684\" class=\"accordion-item\">\n\t\t<a id=\"accordion-3203085684-label\" class=\"accordion-title plain\" href=\"#accordion-item-wann-ist-eine-tagesmitgliedschaft-sinnvoll?\" aria-expanded=\"false\" aria-controls=\"accordion-3203085684-content\">\n\t\t\t<button class=\"toggle\" aria-label=\"Umschalten\"><i class=\"icon-angle-down\" aria-hidden=\"true\"><\/i><\/button>\n\t\t\t<span>Wann ist eine Tagesmitgliedschaft sinnvoll?<\/span>\n\t\t<\/a>\n\t\t<div id=\"accordion-3203085684-content\" class=\"accordion-inner\" aria-labelledby=\"accordion-3203085684-label\">\n\t\t\t\n<p>Immer dann, wenn du schnell und gezielt Unterst\u00fctzung brauchst \u2013 z.\u202fB. bei akuten Krisen, schwierigen Entscheidungen oder einfach, um dir einmal Luft zu machen.<\/p>\n\t\t<\/div>\n\t<\/div>\n\t\n\t<div id=\"accordion-1682558431\" class=\"accordion-item\">\n\t\t<a id=\"accordion-1682558431-label\" class=\"accordion-title plain\" href=\"#accordion-item-wann-sind-termine-m\u00f6glich?\" aria-expanded=\"false\" aria-controls=\"accordion-1682558431-content\">\n\t\t\t<button class=\"toggle\" aria-label=\"Umschalten\"><i class=\"icon-angle-down\" aria-hidden=\"true\"><\/i><\/button>\n\t\t\t<span>Wann sind Termine m\u00f6glich?<\/span>\n\t\t<\/a>\n\t\t<div id=\"accordion-1682558431-content\" class=\"accordion-inner\" aria-labelledby=\"accordion-1682558431-label\">\n\t\t\t\n<p>Wir beraten dich Mo\u2013Sa von 8:00 bis 19:00 Uhr, Sonntag nach Vereinbarung. Termine werden schnell und unkompliziert vergeben.<\/p>\n\t\t<\/div>\n\t<\/div>\n\t\n\t<div id=\"accordion-4102613203\" class=\"accordion-item\">\n\t\t<a id=\"accordion-4102613203-label\" class=\"accordion-title plain\" href=\"#accordion-item-noch-fragen?\" aria-expanded=\"false\" aria-controls=\"accordion-4102613203-content\">\n\t\t\t<button class=\"toggle\" aria-label=\"Umschalten\"><i class=\"icon-angle-down\" aria-hidden=\"true\"><\/i><\/button>\n\t\t\t<span>Noch Fragen?<\/span>\n\t\t<\/a>\n\t\t<div id=\"accordion-4102613203-content\" class=\"accordion-inner\" aria-labelledby=\"accordion-4102613203-label\">\n\t\t\t\n<p>Schreib uns unter <a href=\"mailto:cb@afmg.at\">cb@afmg.at<\/a> oder ruf an: +43 0000<\/p>\n\t\t<\/div>\n\t<\/div>\n\t\n<\/div>\n\t\t<\/div>\n\t\t\t\t\t<\/div>\n\n\t\n<\/div>\n\t\t<\/div>\n\n\t\t\n<style>\n#section_1592130015 {\n  padding-top: 30px;\n  padding-bottom: 30px;\n  background-color: #876bcd;\n}\n<\/style>\n\t<\/section>\n\t\n\n\t<section class=\"section\" id=\"section_663197833\">\n\t\t<div class=\"section-bg fill\" >\n\t\t\t\t\t\t\t\t\t\n\t\t\t\n\n\t\t<\/div>\n\n\t\t\n\n\t\t<div class=\"section-content relative\">\n\t\t\t\n\t<div id=\"gap-637913562\" class=\"gap-element clearfix\" style=\"display:block; height:auto;\">\n\t\t\n<style>\n#gap-637913562 {\n  padding-top: 30px;\n}\n<\/style>\n\t<\/div>\n\t\n<div class=\"row row-large\"  id=\"row-1006874839\">\n\n\t<div id=\"col-988256798\" class=\"col small-12 large-12\"  >\n\t\t\t\t<div class=\"col-inner\"  >\n\t\t\t\n\t\t\t\n<h1>Online-Beratung &amp; Tagesmitgliedschaft bei AFMG.at \u2013 Hilfe, die ankommt<\/h1>\n<p>Mit unserer Tagesmitgliedschaft bieten wir dir eine besonders flexible und unkomplizierte Form der Unterst\u00fctzung. Ob akute Belastung, Entscheidungssituation oder einfach Redebedarf \u2013 du bekommst schnell professionelle Hilfe, ohne Verpflichtung oder H\u00fcrde. Wir begleiten dich wertsch\u00e4tzend, vertraulich und l\u00f6sungsorientiert \u2013 genau dann, wenn du es brauchst.<\/p>\n<h2>Warum unser Angebot?<\/h2>\n<ul>\n<li>Niederschwellige, schnelle Unterst\u00fctzung ohne langfristige Bindung<\/li>\n<li>Professionelle psychologische Beratung durch erfahrene Expert:innen<\/li>\n<li>Online und flexibel \u2013 du entscheidest Ort und Zeit<\/li>\n<li>Keine Abo-Falle, klare Konditionen, faire Preise<\/li>\n<li>Diskretion, Empathie und individuelle Begleitung stehen im Mittelpunkt<\/li>\n<\/ul>\n<p>\nNoch Fragen? Schreib uns an <a href=\"mailto:cb@afmg.at\">cb@afmg.at<\/a> \u2013 wir sind f\u00fcr dich da!<\/p>\n\t\t<\/div>\n\t\t\t\t\t<\/div>\n\n\t\n<\/div>\n\t\t<\/div>\n\n\t\t\n<style>\n#section_663197833 {\n  padding-top: 26px;\n  padding-bottom: 26px;\n  background-color: rgb(255,255,255);\n}\n<\/style>\n\t<\/section>\n\t\n\n\t<section class=\"section dark has-mask mask-angled-large\" id=\"section_1938264705\">\n\t\t<div class=\"section-bg fill\" >\n\t\t\t\t\t\t\t\t\t<div class=\"section-bg-overlay absolute fill\"><\/div>\n\t\t\t\n\n\t\t<\/div>\n\n\t\t\n\n\t\t<div class=\"section-content relative\">\n\t\t\t\n\t<div id=\"gap-774488909\" class=\"gap-element clearfix\" style=\"display:block; height:auto;\">\n\t\t\n<style>\n#gap-774488909 {\n  padding-top: 60px;\n}\n@media (min-width:550px) {\n  #gap-774488909 {\n    padding-top: 49px;\n  }\n}\n<\/style>\n\t<\/div>\n\t\n<div class=\"row row-small align-center\"  id=\"row-554681392\">\n\n\t<div id=\"col-803467325\" class=\"col medium-10 small-12 large-8\"  >\n\t\t\t\t<div class=\"col-inner\"  >\n\t\t\t\n\t\t\t\n\t<div id=\"text-178343687\" class=\"text\">\n\t\t\n<h1>Jetzt Online-Beratung sichern &amp; neue Perspektiven gewinnen!<\/h1>\n\t\t\n<style>\n#text-178343687 {\n  color: rgb(92, 92, 92);\n}\n#text-178343687 > * {\n  color: rgb(92, 92, 92);\n}\n<\/style>\n\t<\/div>\n\t\n\t\t<\/div>\n\t\t\t\t\n<style>\n#col-803467325 > .col-inner {\n  padding: 15px 0px 0px 0px;\n}\n<\/style>\n\t<\/div>\n\n\t\n\n\t<div id=\"col-1435186619\" class=\"col medium-10 small-12 large-4\"  >\n\t\t\t\t<div class=\"col-inner\"  >\n\t\t\t\n\t\t\t\n<a data-animate=\"flipInY\" href=\"\/kontakt\" class=\"button secondary is-gloss is-large box-shadow-1 box-shadow-5-hover\" style=\"border-radius:10px;\">\n\t\t<span>Schnell Termin buchen<\/span>\n\t<\/a>\n\n\t\t<\/div>\n\t\t\t\t\n<style>\n#col-1435186619 > .col-inner {\n  padding: 15px 0px 0px 0px;\n}\n<\/style>\n\t<\/div>\n\n\t\n<\/div>\n\t\t<\/div>\n\n\t\t\n<style>\n#section_1938264705 {\n  padding-top: 24px;\n  padding-bottom: 24px;\n  background-color: #927d56;\n}\n#section_1938264705 .section-bg-overlay {\n  background-color: rgba(255,255,255,.5);\n}\n<\/style>\n\t<\/section>\n\t\n","protected":false},"excerpt":{"rendered":"","protected":false},"author":1,"featured_media":2447,"parent":1703,"menu_order":0,"comment_status":"closed","ping_status":"closed","template":"page-blank.php","meta":{"footnotes":""},"class_list":["post-1279","page","type-page","status-publish","has-post-thumbnail","hentry"],"_links":{"self":[{"href":"https:\/\/demo.labella-consulting.de\/index.php\/wp-json\/wp\/v2\/pages\/1279","targetHints":{"allow":["GET"]}}],"collection":[{"href":"https:\/\/demo.labella-consulting.de\/index.php\/wp-json\/wp\/v2\/pages"}],"about":[{"href":"https:\/\/demo.labella-consulting.de\/index.php\/wp-json\/wp\/v2\/types\/page"}],"author":[{"embeddable":true,"href":"https:\/\/demo.labella-consulting.de\/index.php\/wp-json\/wp\/v2\/users\/1"}],"replies":[{"embeddable":true,"href":"https:\/\/demo.labella-consulting.de\/index.php\/wp-json\/wp\/v2\/comments?post=1279"}],"version-history":[{"count":15,"href":"https:\/\/demo.labella-consulting.de\/index.php\/wp-json\/wp\/v2\/pages\/1279\/revisions"}],"predecessor-version":[{"id":2602,"href":"https:\/\/demo.labella-consulting.de\/index.php\/wp-json\/wp\/v2\/pages\/1279\/revisions\/2602"}],"up":[{"embeddable":true,"href":"https:\/\/demo.labella-consulting.de\/index.php\/wp-json\/wp\/v2\/pages\/1703"}],"wp:featuredmedia":[{"embeddable":true,"href":"https:\/\/demo.labella-consulting.de\/index.php\/wp-json\/wp\/v2\/media\/2447"}],"wp:attachment":[{"href":"https:\/\/demo.labella-consulting.de\/index.php\/wp-json\/wp\/v2\/media?parent=1279"}],"curies":[{"name":"wp","href":"https:\/\/api.w.org\/{rel}","templated":true}]}}