{"id":1277,"date":"2024-07-02T07:39:49","date_gmt":"2024-07-02T07:39:49","guid":{"rendered":"http:\/\/192.168.0.235:10004\/?page_id=1277"},"modified":"2025-08-04T10:14:09","modified_gmt":"2025-08-04T10:14:09","slug":"seminare-workshops","status":"publish","type":"page","link":"https:\/\/demo.labella-consulting.de\/index.php\/beratungsangebot\/seminare-workshops\/","title":{"rendered":"Seminare &amp; Workshops"},"content":{"rendered":"\n\t<section class=\"section\" id=\"section_1634066647\">\n\t\t<div class=\"section-bg fill\" >\n\t\t\t\t\t\t\t<div class=\"video-overlay no-click fill visible\"><\/div>\n\t<video class=\"video-bg fill visible\" preload playsinline autoplay muted loop>\n\t\t<source src=\"https:\/\/demo.labella-consulting.de\/wp-content\/uploads\/2025\/08\/over-shoulder-close-up-view-of-business-woman-conferencing-with-diverse-colleagues-SBV-338647291-HD.mp4\" type=\"video\/mp4\">\t<\/video>\n\t\t\t<div class=\"section-bg-overlay absolute fill\"><\/div>\n\t\t\t\n\n\t\t<\/div>\n\n\t\t\n\n\t\t<div class=\"section-content relative\">\n\t\t\t\n<div class=\"row\"  id=\"row-2073592661\">\n\n\t<div id=\"col-1871405987\" class=\"col small-12 large-12\"  >\n\t\t\t\t<div class=\"col-inner\"  >\n\t\t\t\n\t\t\t\n\t<div id=\"text-2548579822\" class=\"text\">\n\t\t\n<h1 class=\"thin-font uppercase\"><span style=\"font-size: 100%;\">Seminare &amp; Workshops \u2013<br \/>Wissen, das st\u00e4rkt<\/span><\/h1>\n\t\t\n<style>\n#text-2548579822 {\n  text-align: center;\n  color: rgb(255,255,255);\n}\n#text-2548579822 > * {\n  color: rgb(255,255,255);\n}\n<\/style>\n\t<\/div>\n\t\n\t\t<\/div>\n\t\t\t\t\t<\/div>\n\n\t\n<\/div>\n\t\t<\/div>\n\n\t\t\n<style>\n#section_1634066647 {\n  padding-top: 31px;\n  padding-bottom: 31px;\n  min-height: 300px;\n}\n#section_1634066647 .section-bg-overlay {\n  background-color: rgba(0,0,0,.5);\n}\n@media (min-width:550px) {\n  #section_1634066647 {\n    min-height: 400px;\n  }\n}\n@media (min-width:850px) {\n  #section_1634066647 {\n    min-height: 564px;\n  }\n}\n<\/style>\n\t<\/section>\n\t\n\n\t<section class=\"section\" id=\"section_480813337\">\n\t\t<div class=\"section-bg fill\" >\n\t\t\t\t\t\t\t\t\t\n\t\t\t\n\n\t\t<\/div>\n\n\t\t\n\n\t\t<div class=\"section-content relative\">\n\t\t\t\n<div class=\"row align-center\"  id=\"row-748352681\">\n\n\t<div id=\"col-240407712\" class=\"col medium-12 small-12 large-6\"  >\n\t\t\t\t<div class=\"col-inner\" style=\"background-color:rgb(241, 241, 241);\" >\n\t\t\t\n\t<div class=\"is-border\"\n\t\tstyle=\"border-color:rgba(146, 125, 86, 0.384);border-width:10px 0px 0px 0px;\">\n\t<\/div>\n\t\t\t\n\t<div id=\"text-3233527538\" class=\"text\">\n\t\t\n<p><strong>Unser Online-Angebot: Seminare &amp; Workshops f\u00fcr mentale Gesundheit<\/strong><br \/>\n\t\t\n<style>\n#text-3233527538 {\n  font-size: 1.25rem;\n}\n<\/style>\n\t<\/div>\n\t\n<ul>\n<li class=\"bullet-arrow\"><strong>Resilienz st\u00e4rken:<\/strong> Belastungen souver\u00e4n begegnen und Krisen besser bew\u00e4ltigen.<\/li>\n<li class=\"bullet-arrow\"><strong>Selbstf\u00fcrsorge leben:<\/strong> Eigene Bed\u00fcrfnisse erkennen und Selbstf\u00fcrsorge alltagstauglich umsetzen.<\/li>\n<li class=\"bullet-arrow\"><strong>Stress verstehen &amp; regulieren:<\/strong> Stressmuster erkennen, wirksame Entlastungsstrategien entwickeln.<\/li>\n<li class=\"bullet-arrow\"><strong>Achtsamkeit &amp; emotionale Balance:<\/strong> Praktische \u00dcbungen f\u00fcr mehr innere Ruhe und emotionale Stabilit\u00e4t.<\/li>\n<li class=\"bullet-arrow\"><strong>Psychoedukation &amp; Wissenstransfer:<\/strong> Fundiertes Wissen zu psychischer Gesundheit \u2013 verst\u00e4ndlich, praxisnah, direkt umsetzbar.<\/li>\n<li class=\"bullet-arrow\"><strong>Gemeinschaft &amp; Erfahrungsaustausch:<\/strong> Vernetze dich mit anderen, teile Erfahrungen und finde neue Inspiration.<\/li>\n<\/ul>\n<p style=\"font-weight:bold;margin-top:20px;\">Neue Termine bald verf\u00fcgbar<br \/>Alle Veranstaltungen finden online via Zoom statt<\/p>\n\t\t<\/div>\n\t\t\t\t\n<style>\n#col-240407712 > .col-inner {\n  padding: 15% 10% 5% 10%;\n  margin: 0 0px 0px 0px;\n}\n@media (min-width:550px) {\n  #col-240407712 > .col-inner {\n    padding: 10% 10% 8% 10%;\n  }\n}\n@media (min-width:850px) {\n  #col-240407712 > .col-inner {\n    padding: 15% 15% 10% 15%;\n    margin: -172px 0px 0px 0px;\n  }\n}\n<\/style>\n\t<\/div>\n\n\t\n\n\t<div id=\"col-508342581\" class=\"col medium-12 small-12 large-6\"  >\n\t\t\t\t<div class=\"col-inner\"  >\n\t\t\t\n\t\t\t\n\t<div id=\"gap-2137227622\" class=\"gap-element clearfix\" style=\"display:block; height:auto;\">\n\t\t\n<style>\n#gap-2137227622 {\n  padding-top: 10px;\n}\n@media (min-width:550px) {\n  #gap-2137227622 {\n    padding-top: 20px;\n  }\n}\n@media (min-width:850px) {\n  #gap-2137227622 {\n    padding-top: 30px;\n  }\n}\n<\/style>\n\t<\/div>\n\t\n\t<div id=\"text-1739522346\" class=\"text\">\n\t\t\n<h2>St\u00e4rkende Online-Seminare &amp; Workshops bei AFMG.at<\/h2>\n\t\t\n<style>\n#text-1739522346 {\n  font-size: 1rem;\n}\n<\/style>\n\t<\/div>\n\t\n<p>\nW\u00fcnschst du dir mehr Wissen, Inspiration und praktische Impulse f\u00fcr deine mentale Gesundheit? In unseren interaktiven Online-Seminaren und Workshops erh\u00e4ltst du fachlich fundierte Inhalte, erprobte \u00dcbungen und die Chance, dich mit anderen auszutauschen \u2013 alles in einem gesch\u00fctzten, wertsch\u00e4tzenden Rahmen.\n<\/p>\n<p>\nOb Stressbew\u00e4ltigung, Selbstf\u00fcrsorge, Resilienztraining oder Achtsamkeit: Unsere erfahrenen Referent:innen verbinden psychologisches Fachwissen mit praxisnaher Anwendung. Du lernst Strategien und Methoden kennen, die sich direkt in deinem Alltag umsetzen lassen \u2013 f\u00fcr mehr innere St\u00e4rke, Klarheit und Wohlbefinden.\n<\/p>\n<p>\nAlle Veranstaltungen finden bequem online per Zoom statt. So kannst du von \u00fcberall teilnehmen, neue Perspektiven gewinnen und aktiv an deiner pers\u00f6nlichen Entwicklung arbeiten. Der offene Austausch in der Gruppe sorgt f\u00fcr Motivation, Inspiration und das Gef\u00fchl: Du bist nicht allein!\n<\/p>\n<p>\n<strong>Sichere dir jetzt einen Platz oder lass dich \u00fcber neue Termine informieren \u2013 gemeinsam wachsen, lernen und st\u00e4rken!<\/strong><\/p>\n<a href=\"#kontakt\" class=\"button primary\" style=\"border-radius:18px;\">\n\t\t<span>Jetzt unverbindlich vormerken<\/span>\n\t<\/a>\n\n\t\t<\/div>\n\t\t\t\t\n<style>\n#col-508342581 > .col-inner {\n  padding: 0px 10% 0px 0px;\n}\n<\/style>\n\t<\/div>\n\n\t\n<\/div>\n\t\t<\/div>\n\n\t\t\n<style>\n#section_480813337 {\n  padding-top: 30px;\n  padding-bottom: 30px;\n}\n<\/style>\n\t<\/section>\n\t\n\n\t<section class=\"section\" id=\"section_1947446705\">\n\t\t<div class=\"section-bg fill\" >\n\t\t\t\t\t\t\t\t\t\n\t\t\t\n\n\t\t<\/div>\n\n\t\t\n\n\t\t<div class=\"section-content relative\">\n\t\t\t\n<div class=\"row\"  id=\"row-1761752367\">\n\n\t<div id=\"col-1415788585\" class=\"col small-12 large-12\"  >\n\t\t\t\t<div class=\"col-inner\"  >\n\t\t\t\n\t\t\t\n<h1>Deine Vorteile \u2013 Online-Seminare &amp; Workshops bei AFMG.at<\/h1>\n<ul>\n<li>Praxisnahe Impulse f\u00fcr mentale Gesundheit und Wohlbefinden<\/li>\n<li>Fundiertes Fachwissen \u2013 verst\u00e4ndlich und alltagsnah vermittelt<\/li>\n<li>Kleine Gruppen, offener Austausch, wertsch\u00e4tzende Atmosph\u00e4re<\/li>\n<li>Interaktive \u00dcbungen, direkt anwendbar im Alltag<\/li>\n<li>Flexible Teilnahme via Zoom \u2013 ortsunabh\u00e4ngig, sicher &amp; bequem<\/li>\n<li>Gemeinschaftliches Lernen &amp; gegenseitige Inspiration<\/li>\n<li>Regelm\u00e4\u00dfig neue Termine und Themen<\/li>\n<\/ul>\n\t\t<\/div>\n\t\t\t\t\t<\/div>\n\n\t\n\n<style>\n#row-1761752367 > .col > .col-inner {\n  padding: 56px 0px 0px 0px;\n}\n<\/style>\n<\/div>\n\t\t<\/div>\n\n\t\t\n<style>\n#section_1947446705 {\n  padding-top: 23px;\n  padding-bottom: 23px;\n  background-color: rgb(247, 246, 246);\n}\n<\/style>\n\t<\/section>\n\t\n\n\t<section class=\"section dark\" id=\"section_213593609\">\n\t\t<div class=\"section-bg fill\" >\n\t\t\t\t\t\t\t\t\t\n\t\t\t\n\n\t\t<\/div>\n\n\t\t\n\n\t\t<div class=\"section-content relative\">\n\t\t\t\n\t<div id=\"gap-2026363480\" class=\"gap-element clearfix\" style=\"display:block; height:auto;\">\n\t\t\n<style>\n#gap-2026363480 {\n  padding-top: 30px;\n}\n<\/style>\n\t<\/div>\n\t\n<div class=\"row\"  id=\"row-485624136\">\n\n\t<div id=\"col-1037770777\" class=\"col medium-6 small-12 large-6\"  >\n\t\t\t\t<div class=\"col-inner\"  >\n\t\t\t\n\t\t\t\n<div class=\"accordion\">\n\t<div id=\"accordion-1258854950\" class=\"accordion-item\">\n\t\t<a id=\"accordion-1258854950-label\" class=\"accordion-title plain\" href=\"#accordion-item-f\u00fcr-wen-sind-die-seminare-&#038;-workshops-geeignet?\" aria-expanded=\"false\" aria-controls=\"accordion-1258854950-content\">\n\t\t\t<button class=\"toggle\" aria-label=\"Umschalten\"><i class=\"icon-angle-down\" aria-hidden=\"true\"><\/i><\/button>\n\t\t\t<span>F\u00fcr wen sind die Seminare &amp; Workshops geeignet?<\/span>\n\t\t<\/a>\n\t\t<div id=\"accordion-1258854950-content\" class=\"accordion-inner\" aria-labelledby=\"accordion-1258854950-label\">\n\t\t\t\n<p>F\u00fcr alle, die ihr Wissen zur mentalen Gesundheit erweitern, neue Strategien kennenlernen und sich pers\u00f6nlich weiterentwickeln m\u00f6chten \u2013 unabh\u00e4ngig von Alter oder Vorerfahrung.<\/p>\n\t\t<\/div>\n\t<\/div>\n\t\n\t<div id=\"accordion-85481731\" class=\"accordion-item\">\n\t\t<a id=\"accordion-85481731-label\" class=\"accordion-title plain\" href=\"#accordion-item-wie-laufen-die-veranstaltungen-ab?\" aria-expanded=\"false\" aria-controls=\"accordion-85481731-content\">\n\t\t\t<button class=\"toggle\" aria-label=\"Umschalten\"><i class=\"icon-angle-down\" aria-hidden=\"true\"><\/i><\/button>\n\t\t\t<span>Wie laufen die Veranstaltungen ab?<\/span>\n\t\t<\/a>\n\t\t<div id=\"accordion-85481731-content\" class=\"accordion-inner\" aria-labelledby=\"accordion-85481731-label\">\n\t\t\t\n<p>Die Seminare und Workshops sind interaktiv gestaltet und kombinieren Wissen, \u00dcbungen und offenen Austausch. Alles findet online via Zoom statt \u2013 du brauchst nur einen PC, Tablet oder Smartphone und eine Internetverbindung.<\/p>\n\t\t<\/div>\n\t<\/div>\n\t\n\t<div id=\"accordion-3101807089\" class=\"accordion-item\">\n\t\t<a id=\"accordion-3101807089-label\" class=\"accordion-title plain\" href=\"#accordion-item-welche-themen-werden-angeboten?\" aria-expanded=\"false\" aria-controls=\"accordion-3101807089-content\">\n\t\t\t<button class=\"toggle\" aria-label=\"Umschalten\"><i class=\"icon-angle-down\" aria-hidden=\"true\"><\/i><\/button>\n\t\t\t<span>Welche Themen werden angeboten?<\/span>\n\t\t<\/a>\n\t\t<div id=\"accordion-3101807089-content\" class=\"accordion-inner\" aria-labelledby=\"accordion-3101807089-label\">\n\t\t\t\n<p>Resilienz, Selbstf\u00fcrsorge, Stressbew\u00e4ltigung, Achtsamkeit, emotionale Balance, Psychoedukation und viele mehr \u2013 immer praxisnah und alltagsrelevant.<\/p>\n\t\t<\/div>\n\t<\/div>\n\t\n\t<div id=\"accordion-3745405163\" class=\"accordion-item\">\n\t\t<a id=\"accordion-3745405163-label\" class=\"accordion-title plain\" href=\"#accordion-item-wie-melde-ich-mich-an-oder-lasse-mich-vormerken?\" aria-expanded=\"false\" aria-controls=\"accordion-3745405163-content\">\n\t\t\t<button class=\"toggle\" aria-label=\"Umschalten\"><i class=\"icon-angle-down\" aria-hidden=\"true\"><\/i><\/button>\n\t\t\t<span>Wie melde ich mich an oder lasse mich vormerken?<\/span>\n\t\t<\/a>\n\t\t<div id=\"accordion-3745405163-content\" class=\"accordion-inner\" aria-labelledby=\"accordion-3745405163-label\">\n\t\t\t\n<p>Nutze einfach das Kontaktformular oder schreibe uns eine E-Mail an <a href=\"mailto:cb@afmg.at\">cb@afmg.at<\/a>, um dich f\u00fcr aktuelle oder kommende Termine vormerken zu lassen.<\/p>\n\t\t<\/div>\n\t<\/div>\n\t\n<\/div>\n\t\t<\/div>\n\t\t\t\t\t<\/div>\n\n\t\n\n\t<div id=\"col-886199734\" class=\"col medium-6 small-12 large-6\"  >\n\t\t\t\t<div class=\"col-inner\"  >\n\t\t\t\n\t\t\t\n<div class=\"accordion\">\n\t<div id=\"accordion-2290364194\" class=\"accordion-item\">\n\t\t<a id=\"accordion-2290364194-label\" class=\"accordion-title plain\" href=\"#accordion-item-was-kostet-die-teilnahme?\" aria-expanded=\"false\" aria-controls=\"accordion-2290364194-content\">\n\t\t\t<button class=\"toggle\" aria-label=\"Umschalten\"><i class=\"icon-angle-down\" aria-hidden=\"true\"><\/i><\/button>\n\t\t\t<span>Was kostet die Teilnahme?<\/span>\n\t\t<\/a>\n\t\t<div id=\"accordion-2290364194-content\" class=\"accordion-inner\" aria-labelledby=\"accordion-2290364194-label\">\n\t\t\t\n<p>Die Preise variieren je nach Dauer und Thema. Aktuelle Informationen zu Kosten und Terminen erh\u00e4ltst du auf Anfrage oder per Newsletter.<\/p>\n\t\t<\/div>\n\t<\/div>\n\t\n\t<div id=\"accordion-3791268058\" class=\"accordion-item\">\n\t\t<a id=\"accordion-3791268058-label\" class=\"accordion-title plain\" href=\"#accordion-item-kann-ich-anonym-teilnehmen?\" aria-expanded=\"false\" aria-controls=\"accordion-3791268058-content\">\n\t\t\t<button class=\"toggle\" aria-label=\"Umschalten\"><i class=\"icon-angle-down\" aria-hidden=\"true\"><\/i><\/button>\n\t\t\t<span>Kann ich anonym teilnehmen?<\/span>\n\t\t<\/a>\n\t\t<div id=\"accordion-3791268058-content\" class=\"accordion-inner\" aria-labelledby=\"accordion-3791268058-label\">\n\t\t\t\n<p>Ja, auf Wunsch kannst du an allen Veranstaltungen anonym teilnehmen oder einfach nur zuh\u00f6ren \u2013 ganz wie es f\u00fcr dich passt.<\/p>\n\t\t<\/div>\n\t<\/div>\n\t\n\t<div id=\"accordion-4292872675\" class=\"accordion-item\">\n\t\t<a id=\"accordion-4292872675-label\" class=\"accordion-title plain\" href=\"#accordion-item-wer-leitet-die-seminare-&#038;-workshops?\" aria-expanded=\"false\" aria-controls=\"accordion-4292872675-content\">\n\t\t\t<button class=\"toggle\" aria-label=\"Umschalten\"><i class=\"icon-angle-down\" aria-hidden=\"true\"><\/i><\/button>\n\t\t\t<span>Wer leitet die Seminare &amp; Workshops?<\/span>\n\t\t<\/a>\n\t\t<div id=\"accordion-4292872675-content\" class=\"accordion-inner\" aria-labelledby=\"accordion-4292872675-label\">\n\t\t\t\n<p>Unsere Veranstaltungen werden von erfahrenen Psycholog:innen, Therapeut:innen und Coaches durchgef\u00fchrt, die Praxiswissen und moderne Methoden kombinieren.<\/p>\n\t\t<\/div>\n\t<\/div>\n\t\n\t<div id=\"accordion-4166598300\" class=\"accordion-item\">\n\t\t<a id=\"accordion-4166598300-label\" class=\"accordion-title plain\" href=\"#accordion-item-noch-fragen?\" aria-expanded=\"false\" aria-controls=\"accordion-4166598300-content\">\n\t\t\t<button class=\"toggle\" aria-label=\"Umschalten\"><i class=\"icon-angle-down\" aria-hidden=\"true\"><\/i><\/button>\n\t\t\t<span>Noch Fragen?<\/span>\n\t\t<\/a>\n\t\t<div id=\"accordion-4166598300-content\" class=\"accordion-inner\" aria-labelledby=\"accordion-4166598300-label\">\n\t\t\t\n<p>Schreibe uns an <a href=\"mailto:cb@afmg.at\">cb@afmg.at<\/a> oder rufe an: +43 0000<\/p>\n\t\t<\/div>\n\t<\/div>\n\t\n<\/div>\n\t\t<\/div>\n\t\t\t\t\t<\/div>\n\n\t\n<\/div>\n\t\t<\/div>\n\n\t\t\n<style>\n#section_213593609 {\n  padding-top: 30px;\n  padding-bottom: 30px;\n  background-color: #876bcd;\n}\n<\/style>\n\t<\/section>\n\t\n\n\t<section class=\"section\" id=\"section_1683632507\">\n\t\t<div class=\"section-bg fill\" >\n\t\t\t\t\t\t\t\t\t\n\t\t\t\n\n\t\t<\/div>\n\n\t\t\n\n\t\t<div class=\"section-content relative\">\n\t\t\t\n\t<div id=\"gap-949568521\" class=\"gap-element clearfix\" style=\"display:block; height:auto;\">\n\t\t\n<style>\n#gap-949568521 {\n  padding-top: 30px;\n}\n<\/style>\n\t<\/div>\n\t\n<div class=\"row row-large\"  id=\"row-205346963\">\n\n\t<div id=\"col-1563099432\" class=\"col small-12 large-12\"  >\n\t\t\t\t<div class=\"col-inner\"  >\n\t\t\t\n\t\t\t\n<h1>Seminare &amp; Workshops bei AFMG.at \u2013 Wissen, das dich st\u00e4rkt<\/h1>\n<p>Unsere Online-Seminare und Workshops vermitteln dir fundiertes Wissen und praktische Tools f\u00fcr ein ges\u00fcnderes, ausgeglicheneres Leben. Egal ob Resilienz, Selbstf\u00fcrsorge oder Stressmanagement: Hier findest du wertvolle Impulse, die dich im Alltag wirklich weiterbringen \u2013 im gesch\u00fctzten Rahmen, mit motivierenden Gruppen und erfahrenen Referent:innen.<\/p>\n<h2>Warum unsere Seminare &amp; Workshops?<\/h2>\n<ul>\n<li>Praxisnahes, alltagsrelevantes Wissen f\u00fcr deine mentale Gesundheit<\/li>\n<li>Vielf\u00e4ltige Themen \u2013 von Resilienz bis Achtsamkeit<\/li>\n<li>Offener Erfahrungsaustausch in kleinen Gruppen<\/li>\n<li>Erprobte Methoden und \u00dcbungen \u2013 sofort umsetzbar<\/li>\n<li>Online-Teilnahme via Zoom \u2013 flexibel &amp; bequem<\/li>\n<\/ul>\n<p>\nNoch Fragen? Melde dich unter <a href=\"mailto:cb@afmg.at\">cb@afmg.at<\/a> \u2013 wir informieren dich gern \u00fcber neue Termine und Themen!<\/p>\n\t\t<\/div>\n\t\t\t\t\t<\/div>\n\n\t\n<\/div>\n\t\t<\/div>\n\n\t\t\n<style>\n#section_1683632507 {\n  padding-top: 26px;\n  padding-bottom: 26px;\n  background-color: rgb(255,255,255);\n}\n<\/style>\n\t<\/section>\n\t\n\n\t<section class=\"section dark has-mask mask-angled-large\" id=\"section_1866015437\">\n\t\t<div class=\"section-bg fill\" >\n\t\t\t\t\t\t\t\t\t<div class=\"section-bg-overlay absolute fill\"><\/div>\n\t\t\t\n\n\t\t<\/div>\n\n\t\t\n\n\t\t<div class=\"section-content relative\">\n\t\t\t\n\t<div id=\"gap-230061240\" class=\"gap-element clearfix\" style=\"display:block; height:auto;\">\n\t\t\n<style>\n#gap-230061240 {\n  padding-top: 60px;\n}\n@media (min-width:550px) {\n  #gap-230061240 {\n    padding-top: 49px;\n  }\n}\n<\/style>\n\t<\/div>\n\t\n<div class=\"row row-small align-center\"  id=\"row-318680556\">\n\n\t<div id=\"col-122162070\" class=\"col medium-10 small-12 large-8\"  >\n\t\t\t\t<div class=\"col-inner\"  >\n\t\t\t\n\t\t\t\n\t<div id=\"text-807498171\" class=\"text\">\n\t\t\n<h1>Jetzt vormerken &amp; beim n\u00e4chsten Seminar dabei sein!<\/h1>\n\t\t\n<style>\n#text-807498171 {\n  color: rgb(92, 92, 92);\n}\n#text-807498171 > * {\n  color: rgb(92, 92, 92);\n}\n<\/style>\n\t<\/div>\n\t\n\t\t<\/div>\n\t\t\t\t\n<style>\n#col-122162070 > .col-inner {\n  padding: 15px 0px 0px 0px;\n}\n<\/style>\n\t<\/div>\n\n\t\n\n\t<div id=\"col-1130582316\" class=\"col medium-10 small-12 large-4\"  >\n\t\t\t\t<div class=\"col-inner\"  >\n\t\t\t\n\t\t\t\n<a data-animate=\"flipInY\" href=\"\/kontakt\" class=\"button secondary is-gloss is-large box-shadow-1 box-shadow-5-hover\" style=\"border-radius:10px;\">\n\t\t<span>Unverbindlich informieren<\/span>\n\t<\/a>\n\n\t\t<\/div>\n\t\t\t\t\n<style>\n#col-1130582316 > .col-inner {\n  padding: 15px 0px 0px 0px;\n}\n<\/style>\n\t<\/div>\n\n\t\n<\/div>\n\t\t<\/div>\n\n\t\t\n<style>\n#section_1866015437 {\n  padding-top: 24px;\n  padding-bottom: 24px;\n  background-color: #927d56;\n}\n#section_1866015437 .section-bg-overlay {\n  background-color: rgba(255,255,255,.5);\n}\n<\/style>\n\t<\/section>\n\t\n","protected":false},"excerpt":{"rendered":"","protected":false},"author":1,"featured_media":2597,"parent":1703,"menu_order":0,"comment_status":"closed","ping_status":"closed","template":"page-blank.php","meta":{"footnotes":""},"class_list":["post-1277","page","type-page","status-publish","has-post-thumbnail","hentry"],"_links":{"self":[{"href":"https:\/\/demo.labella-consulting.de\/index.php\/wp-json\/wp\/v2\/pages\/1277","targetHints":{"allow":["GET"]}}],"collection":[{"href":"https:\/\/demo.labella-consulting.de\/index.php\/wp-json\/wp\/v2\/pages"}],"about":[{"href":"https:\/\/demo.labella-consulting.de\/index.php\/wp-json\/wp\/v2\/types\/page"}],"author":[{"embeddable":true,"href":"https:\/\/demo.labella-consulting.de\/index.php\/wp-json\/wp\/v2\/users\/1"}],"replies":[{"embeddable":true,"href":"https:\/\/demo.labella-consulting.de\/index.php\/wp-json\/wp\/v2\/comments?post=1277"}],"version-history":[{"count":19,"href":"https:\/\/demo.labella-consulting.de\/index.php\/wp-json\/wp\/v2\/pages\/1277\/revisions"}],"predecessor-version":[{"id":2599,"href":"https:\/\/demo.labella-consulting.de\/index.php\/wp-json\/wp\/v2\/pages\/1277\/revisions\/2599"}],"up":[{"embeddable":true,"href":"https:\/\/demo.labella-consulting.de\/index.php\/wp-json\/wp\/v2\/pages\/1703"}],"wp:featuredmedia":[{"embeddable":true,"href":"https:\/\/demo.labella-consulting.de\/index.php\/wp-json\/wp\/v2\/media\/2597"}],"wp:attachment":[{"href":"https:\/\/demo.labella-consulting.de\/index.php\/wp-json\/wp\/v2\/media?parent=1277"}],"curies":[{"name":"wp","href":"https:\/\/api.w.org\/{rel}","templated":true}]}}