{"id":1275,"date":"2024-07-02T07:39:25","date_gmt":"2024-07-02T07:39:25","guid":{"rendered":"http:\/\/192.168.0.235:10004\/?page_id=1275"},"modified":"2025-08-04T09:52:28","modified_gmt":"2025-08-04T09:52:28","slug":"beratung-fur-angehorige","status":"publish","type":"page","link":"https:\/\/demo.labella-consulting.de\/index.php\/beratungsangebot\/beratung-fur-angehorige\/","title":{"rendered":"Beratung f\u00fcr Angeh\u00f6rige"},"content":{"rendered":"\n\t<section class=\"section\" id=\"section_271510743\">\n\t\t<div class=\"section-bg fill\" >\n\t\t\t\t\t\t\t<div class=\"video-overlay no-click fill visible\"><\/div>\n\t<video class=\"video-bg fill visible\" preload playsinline autoplay muted loop>\n\t\t<source src=\"https:\/\/demo.labella-consulting.de\/wp-content\/uploads\/2025\/08\/senior-man-with-head-in-hands-expressing-deep-despair-and-stress-black-and-white-im-SBV-351799719-HD.mp4\" type=\"video\/mp4\">\t<\/video>\n\t\t\t<div class=\"section-bg-overlay absolute fill\"><\/div>\n\t\t\t\n\n\t\t<\/div>\n\n\t\t\n\n\t\t<div class=\"section-content relative\">\n\t\t\t\n<div class=\"row\"  id=\"row-1529087019\">\n\n\t<div id=\"col-215494204\" class=\"col small-12 large-12\"  >\n\t\t\t\t<div class=\"col-inner\"  >\n\t\t\t\n\t\t\t\n\t<div id=\"text-701372768\" class=\"text\">\n\t\t\n<h1 class=\"thin-font uppercase\"><span style=\"font-size: 100%;\">Beratung f\u00fcr Angeh\u00f6rige \u2013<br \/>Verstehen, entlasten, st\u00e4rken<\/span><\/h1>\n\t\t\n<style>\n#text-701372768 {\n  text-align: center;\n  color: rgb(255,255,255);\n}\n#text-701372768 > * {\n  color: rgb(255,255,255);\n}\n<\/style>\n\t<\/div>\n\t\n\t\t<\/div>\n\t\t\t\t\t<\/div>\n\n\t\n<\/div>\n\t\t<\/div>\n\n\t\t\n<style>\n#section_271510743 {\n  padding-top: 31px;\n  padding-bottom: 31px;\n  min-height: 300px;\n}\n#section_271510743 .section-bg-overlay {\n  background-color: rgba(0,0,0,.5);\n}\n@media (min-width:550px) {\n  #section_271510743 {\n    min-height: 400px;\n  }\n}\n@media (min-width:850px) {\n  #section_271510743 {\n    min-height: 564px;\n  }\n}\n<\/style>\n\t<\/section>\n\t\n\n\t<section class=\"section\" id=\"section_1173130299\">\n\t\t<div class=\"section-bg fill\" >\n\t\t\t\t\t\t\t\t\t\n\t\t\t\n\n\t\t<\/div>\n\n\t\t\n\n\t\t<div class=\"section-content relative\">\n\t\t\t\n<div class=\"row align-center\"  id=\"row-1080620726\">\n\n\t<div id=\"col-1671977802\" class=\"col medium-12 small-12 large-6\"  >\n\t\t\t\t<div class=\"col-inner\" style=\"background-color:rgb(241, 241, 241);\" >\n\t\t\t\n\t<div class=\"is-border\"\n\t\tstyle=\"border-color:rgba(146, 125, 86, 0.384);border-width:10px 0px 0px 0px;\">\n\t<\/div>\n\t\t\t\n\t<div id=\"text-4080401411\" class=\"text\">\n\t\t\n<p><strong>Unser Beratungsangebot f\u00fcr Angeh\u00f6rige \u2013 Halt und Orientierung in schwierigen Zeiten<\/strong><br \/>\n\t\t\n<style>\n#text-4080401411 {\n  font-size: 1.25rem;\n}\n<\/style>\n\t<\/div>\n\t\n<ul>\n<li class=\"bullet-arrow\"><strong>Verstehen, was los ist:<\/strong> Wir erkl\u00e4ren dir psychische Erkrankungen und geben dir Sicherheit im Umgang mit neuen Situationen.<\/li>\n<li class=\"bullet-arrow\"><strong>Emotionale Entlastung:<\/strong> Teile deine Sorgen, \u00c4ngste oder Ersch\u00f6pfung. Deine Gef\u00fchle finden hier Platz \u2013 f\u00fcr neue Kraft.<\/li>\n<li class=\"bullet-arrow\"><strong>Gesunde Abgrenzung:<\/strong> Lerne, f\u00fcr andere da zu sein, ohne dich selbst zu verlieren. Starke Grenzen sch\u00fctzen dich und helfen deinem Umfeld.<\/li>\n<li class=\"bullet-arrow\"><strong>Konstruktive Kommunikation:<\/strong> Entwickle Klarheit und Verst\u00e4ndnis im Dialog, auch wenn es schwierig wird.<\/li>\n<li class=\"bullet-arrow\"><strong>Rollen und Verantwortung reflektieren:<\/strong> Finde in ver\u00e4nderten Familiensituationen deinen Platz neu \u2013 f\u00fcr mehr innere Balance.<\/li>\n<li class=\"bullet-arrow\"><strong>St\u00e4rkung eigener Ressourcen:<\/strong> Erhalte praktische Werkzeuge, um Belastungen besser zu bew\u00e4ltigen und stabil zu bleiben.<\/li>\n<\/ul>\n<p style=\"font-weight:bold;margin-top:20px;\">ab 60\u202f\u20ac \/ mit Mitgliedschaft<\/p>\n\t\t<\/div>\n\t\t\t\t\n<style>\n#col-1671977802 > .col-inner {\n  padding: 15% 10% 5% 10%;\n  margin: 0 0px 0px 0px;\n}\n@media (min-width:550px) {\n  #col-1671977802 > .col-inner {\n    padding: 10% 10% 8% 10%;\n  }\n}\n@media (min-width:850px) {\n  #col-1671977802 > .col-inner {\n    padding: 15% 15% 10% 15%;\n    margin: -172px 0px 0px 0px;\n  }\n}\n<\/style>\n\t<\/div>\n\n\t\n\n\t<div id=\"col-679392372\" class=\"col medium-12 small-12 large-6\"  >\n\t\t\t\t<div class=\"col-inner\"  >\n\t\t\t\n\t\t\t\n\t<div id=\"gap-73211127\" class=\"gap-element clearfix\" style=\"display:block; height:auto;\">\n\t\t\n<style>\n#gap-73211127 {\n  padding-top: 10px;\n}\n@media (min-width:550px) {\n  #gap-73211127 {\n    padding-top: 20px;\n  }\n}\n@media (min-width:850px) {\n  #gap-73211127 {\n    padding-top: 30px;\n  }\n}\n<\/style>\n\t<\/div>\n\t\n\t<div id=\"text-2331234197\" class=\"text\">\n\t\t\n<h2>Einf\u00fchlsame Angeh\u00f6rigenberatung bei AFMG.at \u2013 Unterst\u00fctzung, die wirkt<\/h2>\n\t\t\n<style>\n#text-2331234197 {\n  font-size: 1rem;\n}\n<\/style>\n\t<\/div>\n\t\n<p>\nWenn ein nahestehender Mensch psychisch erkrankt, wird das Leben f\u00fcr Angeh\u00f6rige oft zur enormen Belastungsprobe. Viele f\u00fchlen sich hilflos, \u00fcberfordert oder allein. Mit unserer spezialisierten Online-Beratung f\u00fcr Angeh\u00f6rige bieten wir dir einen gesch\u00fctzten Rahmen, in dem du alle Fragen und Gef\u00fchle offen ansprechen kannst \u2013 ohne Tabus und ohne Urteil.\n<\/p>\n<p>\nUnsere erfahrenen Berater:innen stehen dir mit wissenschaftlich fundiertem Wissen, viel Empathie und langj\u00e4hriger Praxiserfahrung zur Seite. Du erh\u00e4ltst nicht nur mehr Verst\u00e4ndnis f\u00fcr die Erkrankung deines Angeh\u00f6rigen, sondern auch ganz konkrete Strategien, wie du dich selbst stabilisierst und in der Situation handlungsf\u00e4hig bleibst.\n<\/p>\n<p>\nOb es um Wissen, emotionale Entlastung oder gesunde Abgrenzung geht: Gemeinsam finden wir Wege, wie du dich in dieser Rolle sch\u00fctzen, st\u00e4rken und wieder zu mehr Gelassenheit und Lebensfreude zur\u00fcckfinden kannst. Du bist nicht allein \u2013 und du darfst auch f\u00fcr dich sorgen!\n<\/p>\n<p>\n<strong>Starte jetzt mit einer pers\u00f6nlichen Online-Beratung. Finde heraus, wie du mit den Herausforderungen als Angeh\u00f6rige:r besser umgehen und dich selbst dabei nicht verlieren musst.<\/strong><\/p>\n<a href=\"#kontakt\" class=\"button primary\" style=\"border-radius:18px;\">\n\t\t<span>Jetzt Termin anfragen<\/span>\n\t<\/a>\n\n\t\t<\/div>\n\t\t\t\t\n<style>\n#col-679392372 > .col-inner {\n  padding: 0px 10% 0px 0px;\n}\n<\/style>\n\t<\/div>\n\n\t\n<\/div>\n\t\t<\/div>\n\n\t\t\n<style>\n#section_1173130299 {\n  padding-top: 30px;\n  padding-bottom: 30px;\n}\n<\/style>\n\t<\/section>\n\t\n\n\t<section class=\"section\" id=\"section_1770205514\">\n\t\t<div class=\"section-bg fill\" >\n\t\t\t\t\t\t\t\t\t\n\t\t\t\n\n\t\t<\/div>\n\n\t\t\n\n\t\t<div class=\"section-content relative\">\n\t\t\t\n<div class=\"row\"  id=\"row-684423068\">\n\n\t<div id=\"col-1602603236\" class=\"col small-12 large-12\"  >\n\t\t\t\t<div class=\"col-inner\"  >\n\t\t\t\n\t\t\t\n<h1>Deine Vorteile \u2013 Beratung f\u00fcr Angeh\u00f6rige mit Herz &#038; Kompetenz<\/h1>\n<ul>\n<li>Fachlich fundierte Online-Beratung speziell f\u00fcr Angeh\u00f6rige<\/li>\n<li>Mehr Wissen, Klarheit und Sicherheit im Umgang mit psychischen Erkrankungen<\/li>\n<li>Emotionale Entlastung und St\u00e4rkung deiner Resilienz<\/li>\n<li>Methoden f\u00fcr gesunde Abgrenzung &#038; Selbstf\u00fcrsorge<\/li>\n<li>Praktische Kommunikationstipps f\u00fcr herausfordernde Situationen<\/li>\n<li>Vertraulichkeit, Datenschutz und flexible Online-Termine<\/li>\n<li>Faire Preise, pers\u00f6nliche Beratung, zeitnah verf\u00fcgbar<\/li>\n<\/ul>\n\t\t<\/div>\n\t\t\t\t\t<\/div>\n\n\t\n\n<style>\n#row-684423068 > .col > .col-inner {\n  padding: 56px 0px 0px 0px;\n}\n<\/style>\n<\/div>\n\t\t<\/div>\n\n\t\t\n<style>\n#section_1770205514 {\n  padding-top: 23px;\n  padding-bottom: 23px;\n  background-color: rgb(247, 246, 246);\n}\n<\/style>\n\t<\/section>\n\t\n\n\t<section class=\"section dark\" id=\"section_1487862035\">\n\t\t<div class=\"section-bg fill\" >\n\t\t\t\t\t\t\t\t\t\n\t\t\t\n\n\t\t<\/div>\n\n\t\t\n\n\t\t<div class=\"section-content relative\">\n\t\t\t\n\t<div id=\"gap-1615524223\" class=\"gap-element clearfix\" style=\"display:block; height:auto;\">\n\t\t\n<style>\n#gap-1615524223 {\n  padding-top: 30px;\n}\n<\/style>\n\t<\/div>\n\t\n<div class=\"row\"  id=\"row-575338932\">\n\n\t<div id=\"col-1532894681\" class=\"col medium-6 small-12 large-6\"  >\n\t\t\t\t<div class=\"col-inner\"  >\n\t\t\t\n\t\t\t\n<div class=\"accordion\">\n\t<div id=\"accordion-2991297571\" class=\"accordion-item\">\n\t\t<a id=\"accordion-2991297571-label\" class=\"accordion-title plain\" href=\"#accordion-item-f\u00fcr-wen-ist-die-angeh\u00f6rigenberatung-gedacht?\" aria-expanded=\"false\" aria-controls=\"accordion-2991297571-content\">\n\t\t\t<button class=\"toggle\" aria-label=\"Umschalten\"><i class=\"icon-angle-down\" aria-hidden=\"true\"><\/i><\/button>\n\t\t\t<span>F\u00fcr wen ist die Angeh\u00f6rigenberatung gedacht?<\/span>\n\t\t<\/a>\n\t\t<div id=\"accordion-2991297571-content\" class=\"accordion-inner\" aria-labelledby=\"accordion-2991297571-label\">\n\t\t\t\n<p>F\u00fcr alle, die sich um eine nahestehende Person mit psychischen Problemen sorgen \u2013 z.\u202fB. Eltern, Partner:innen, Kinder, Freund:innen oder Kolleg:innen. Auch ohne offizielle Diagnose oder Behandlung bist du willkommen.<\/p>\n\t\t<\/div>\n\t<\/div>\n\t\n\t<div id=\"accordion-2332588202\" class=\"accordion-item\">\n\t\t<a id=\"accordion-2332588202-label\" class=\"accordion-title plain\" href=\"#accordion-item-was-bringt-mir-diese-beratung-konkret?\" aria-expanded=\"false\" aria-controls=\"accordion-2332588202-content\">\n\t\t\t<button class=\"toggle\" aria-label=\"Umschalten\"><i class=\"icon-angle-down\" aria-hidden=\"true\"><\/i><\/button>\n\t\t\t<span>Was bringt mir diese Beratung konkret?<\/span>\n\t\t<\/a>\n\t\t<div id=\"accordion-2332588202-content\" class=\"accordion-inner\" aria-labelledby=\"accordion-2332588202-label\">\n\t\t\t\n<p>Du erh\u00e4ltst Verst\u00e4ndnis, Entlastung und individuelle Hilfestellung \u2013 emotional, praktisch und kommunikativ. Ziel ist es, dir neue Handlungsm\u00f6glichkeiten und mehr Gelassenheit zu erm\u00f6glichen.<\/p>\n\t\t<\/div>\n\t<\/div>\n\t\n\t<div id=\"accordion-997967566\" class=\"accordion-item\">\n\t\t<a id=\"accordion-997967566-label\" class=\"accordion-title plain\" href=\"#accordion-item-muss-die-betroffene-person-selbst-in-behandlung-sein?\" aria-expanded=\"false\" aria-controls=\"accordion-997967566-content\">\n\t\t\t<button class=\"toggle\" aria-label=\"Umschalten\"><i class=\"icon-angle-down\" aria-hidden=\"true\"><\/i><\/button>\n\t\t\t<span>Muss die betroffene Person selbst in Behandlung sein?<\/span>\n\t\t<\/a>\n\t\t<div id=\"accordion-997967566-content\" class=\"accordion-inner\" aria-labelledby=\"accordion-997967566-label\">\n\t\t\t\n<p>Nein. Die Beratung f\u00fcr Angeh\u00f6rige ist unabh\u00e4ngig von einer Therapie oder Behandlung deines Familienmitglieds oder Freundes. Oft ist gerade das besonders hilfreich.<\/p>\n\t\t<\/div>\n\t<\/div>\n\t\n\t<div id=\"accordion-903913118\" class=\"accordion-item\">\n\t\t<a id=\"accordion-903913118-label\" class=\"accordion-title plain\" href=\"#accordion-item-wie-l\u00e4uft-eine-beratung-ab?\" aria-expanded=\"false\" aria-controls=\"accordion-903913118-content\">\n\t\t\t<button class=\"toggle\" aria-label=\"Umschalten\"><i class=\"icon-angle-down\" aria-hidden=\"true\"><\/i><\/button>\n\t\t\t<span>Wie l\u00e4uft eine Beratung ab?<\/span>\n\t\t<\/a>\n\t\t<div id=\"accordion-903913118-content\" class=\"accordion-inner\" aria-labelledby=\"accordion-903913118-label\">\n\t\t\t\n<p>In einem vertraulichen Gespr\u00e4ch schauen wir gemeinsam auf deine aktuelle Situation, Fragen und Belastungen. Im Anschluss entwickeln wir zusammen individuelle Strategien, die dir im Alltag helfen.<\/p>\n\t\t<\/div>\n\t<\/div>\n\t\n<\/div>\n\t\t<\/div>\n\t\t\t\t\t<\/div>\n\n\t\n\n\t<div id=\"col-2026079786\" class=\"col medium-6 small-12 large-6\"  >\n\t\t\t\t<div class=\"col-inner\"  >\n\t\t\t\n\t\t\t\n<div class=\"accordion\">\n\t<div id=\"accordion-249464915\" class=\"accordion-item\">\n\t\t<a id=\"accordion-249464915-label\" class=\"accordion-title plain\" href=\"#accordion-item-kann-ich-auch-regelm\u00e4\u00dfig-gespr\u00e4che-in-anspruch-nehmen?\" aria-expanded=\"false\" aria-controls=\"accordion-249464915-content\">\n\t\t\t<button class=\"toggle\" aria-label=\"Umschalten\"><i class=\"icon-angle-down\" aria-hidden=\"true\"><\/i><\/button>\n\t\t\t<span>Kann ich auch regelm\u00e4\u00dfig Gespr\u00e4che in Anspruch nehmen?<\/span>\n\t\t<\/a>\n\t\t<div id=\"accordion-249464915-content\" class=\"accordion-inner\" aria-labelledby=\"accordion-249464915-label\">\n\t\t\t\n<p>Ja \u2013 als F\u00f6rdermitglied kannst du monatlich eine Beratung buchen, alternativ gibt es die Tagesmitgliedschaft f\u00fcr Einzelgespr\u00e4che.<\/p>\n\t\t<\/div>\n\t<\/div>\n\t\n\t<div id=\"accordion-2799714927\" class=\"accordion-item\">\n\t\t<a id=\"accordion-2799714927-label\" class=\"accordion-title plain\" href=\"#accordion-item-was-kostet-die-angeh\u00f6rigenberatung?\" aria-expanded=\"false\" aria-controls=\"accordion-2799714927-content\">\n\t\t\t<button class=\"toggle\" aria-label=\"Umschalten\"><i class=\"icon-angle-down\" aria-hidden=\"true\"><\/i><\/button>\n\t\t\t<span>Was kostet die Angeh\u00f6rigenberatung?<\/span>\n\t\t<\/a>\n\t\t<div id=\"accordion-2799714927-content\" class=\"accordion-inner\" aria-labelledby=\"accordion-2799714927-label\">\n\t\t\t\n<p>Die Tagesmitgliedschaft kostet 60\u202f\u20ac (inkl. 50-min\u00fctiger Online-Beratung). Als Jahresmitglied sind monatliche Kurzberatungen (30 Min.) enthalten.<\/p>\n\t\t<\/div>\n\t<\/div>\n\t\n\t<div id=\"accordion-426290842\" class=\"accordion-item\">\n\t\t<a id=\"accordion-426290842-label\" class=\"accordion-title plain\" href=\"#accordion-item-wann-sind-termine-m\u00f6glich?\" aria-expanded=\"false\" aria-controls=\"accordion-426290842-content\">\n\t\t\t<button class=\"toggle\" aria-label=\"Umschalten\"><i class=\"icon-angle-down\" aria-hidden=\"true\"><\/i><\/button>\n\t\t\t<span>Wann sind Termine m\u00f6glich?<\/span>\n\t\t<\/a>\n\t\t<div id=\"accordion-426290842-content\" class=\"accordion-inner\" aria-labelledby=\"accordion-426290842-label\">\n\t\t\t\n<p>Unsere Berater:innen sind Mo\u2013Sa von 8:00 bis 19:00 Uhr, Sonntag nach Vereinbarung f\u00fcr dich da. Wir vergeben Termine schnell und unkompliziert.<\/p>\n\t\t<\/div>\n\t<\/div>\n\t\n\t<div id=\"accordion-2570230471\" class=\"accordion-item\">\n\t\t<a id=\"accordion-2570230471-label\" class=\"accordion-title plain\" href=\"#accordion-item-noch-fragen?\" aria-expanded=\"false\" aria-controls=\"accordion-2570230471-content\">\n\t\t\t<button class=\"toggle\" aria-label=\"Umschalten\"><i class=\"icon-angle-down\" aria-hidden=\"true\"><\/i><\/button>\n\t\t\t<span>Noch Fragen?<\/span>\n\t\t<\/a>\n\t\t<div id=\"accordion-2570230471-content\" class=\"accordion-inner\" aria-labelledby=\"accordion-2570230471-label\">\n\t\t\t\n<p>Kontaktiere uns unter <a href=\"mailto:cb@afmg.at\">cb@afmg.at<\/a> oder telefonisch: +43 0000<\/p>\n\t\t<\/div>\n\t<\/div>\n\t\n<\/div>\n\t\t<\/div>\n\t\t\t\t\t<\/div>\n\n\t\n<\/div>\n\t\t<\/div>\n\n\t\t\n<style>\n#section_1487862035 {\n  padding-top: 30px;\n  padding-bottom: 30px;\n  background-color: #876bcd;\n}\n<\/style>\n\t<\/section>\n\t\n\n\t<section class=\"section\" id=\"section_1423077025\">\n\t\t<div class=\"section-bg fill\" >\n\t\t\t\t\t\t\t\t\t\n\t\t\t\n\n\t\t<\/div>\n\n\t\t\n\n\t\t<div class=\"section-content relative\">\n\t\t\t\n\t<div id=\"gap-527275352\" class=\"gap-element clearfix\" style=\"display:block; height:auto;\">\n\t\t\n<style>\n#gap-527275352 {\n  padding-top: 30px;\n}\n<\/style>\n\t<\/div>\n\t\n<div class=\"row row-large\"  id=\"row-295907334\">\n\n\t<div id=\"col-1469255661\" class=\"col small-12 large-12\"  >\n\t\t\t\t<div class=\"col-inner\"  >\n\t\t\t\n\t\t\t\n<h1>Angeh\u00f6rigenberatung bei AFMG.at \u2013 Hilfe, die dich st\u00e4rkt<\/h1>\n<p>Die psychische Belastung eines Familienmitglieds oder Freundes stellt oft das ganze Umfeld auf die Probe. Unsere Angeh\u00f6rigenberatung gibt dir Halt, Wissen und emotionale Entlastung. Wir helfen dir, das Verhalten deines Angeh\u00f6rigen besser zu verstehen, selbst stabil zu bleiben und die Beziehung konstruktiv zu gestalten.<\/p>\n<h2>Warum unsere Angeh\u00f6rigenberatung w\u00e4hlen?<\/h2>\n<ul>\n<li>Spezialisierte Beratung f\u00fcr Angeh\u00f6rige von Menschen mit psychischen Problemen<\/li>\n<li>Verst\u00e4ndnis, Unterst\u00fctzung und neue Perspektiven \u2013 individuell &#038; wertsch\u00e4tzend<\/li>\n<li>Praktische Strategien f\u00fcr Kommunikation, Selbstf\u00fcrsorge und Abgrenzung<\/li>\n<li>Vertraulichkeit und Datenschutz garantiert<\/li>\n<li>Flexible, zeitnahe Online-Beratung \u2013 bequem von zu Hause<\/li>\n<\/ul>\n<p>\nUnsere Beratung ersetzt keine Psychotherapie, sondern ist eine wertvolle Erg\u00e4nzung und Unterst\u00fctzung f\u00fcr Angeh\u00f6rige, die aktiv mit den Herausforderungen im Alltag umgehen m\u00f6chten.\n<\/p>\n<p>\nNoch Fragen? Schreib uns an <a href=\"mailto:cb@afmg.at\">cb@afmg.at<\/a> \u2013 wir sind f\u00fcr dich da!<\/p>\n\t\t<\/div>\n\t\t\t\t\t<\/div>\n\n\t\n<\/div>\n\t\t<\/div>\n\n\t\t\n<style>\n#section_1423077025 {\n  padding-top: 26px;\n  padding-bottom: 26px;\n  background-color: rgb(255,255,255);\n}\n<\/style>\n\t<\/section>\n\t\n\n\t<section class=\"section dark has-mask mask-angled-large\" id=\"section_1761221797\">\n\t\t<div class=\"section-bg fill\" >\n\t\t\t\t\t\t\t\t\t<div class=\"section-bg-overlay absolute fill\"><\/div>\n\t\t\t\n\n\t\t<\/div>\n\n\t\t\n\n\t\t<div class=\"section-content relative\">\n\t\t\t\n\t<div id=\"gap-553150019\" class=\"gap-element clearfix\" style=\"display:block; height:auto;\">\n\t\t\n<style>\n#gap-553150019 {\n  padding-top: 60px;\n}\n@media (min-width:550px) {\n  #gap-553150019 {\n    padding-top: 49px;\n  }\n}\n<\/style>\n\t<\/div>\n\t\n<div class=\"row row-small align-center\"  id=\"row-333570969\">\n\n\t<div id=\"col-549731522\" class=\"col medium-10 small-12 large-8\"  >\n\t\t\t\t<div class=\"col-inner\"  >\n\t\t\t\n\t\t\t\n\t<div id=\"text-2782413868\" class=\"text\">\n\t\t\n<h1>Jetzt Angeh\u00f6rigenberatung anfragen &amp; neue Kraft gewinnen!<\/h1>\n\t\t\n<style>\n#text-2782413868 {\n  color: rgb(92, 92, 92);\n}\n#text-2782413868 > * {\n  color: rgb(92, 92, 92);\n}\n<\/style>\n\t<\/div>\n\t\n\t\t<\/div>\n\t\t\t\t\n<style>\n#col-549731522 > .col-inner {\n  padding: 15px 0px 0px 0px;\n}\n<\/style>\n\t<\/div>\n\n\t\n\n\t<div id=\"col-1063400521\" class=\"col medium-10 small-12 large-4\"  >\n\t\t\t\t<div class=\"col-inner\"  >\n\t\t\t\n\t\t\t\n<a data-animate=\"flipInY\" href=\"\/kontakt\" class=\"button secondary is-gloss is-large box-shadow-1 box-shadow-5-hover\" style=\"border-radius:10px;\">\n\t\t<span>Informationen anfragen<\/span>\n\t<\/a>\n\n\t\t<\/div>\n\t\t\t\t\n<style>\n#col-1063400521 > .col-inner {\n  padding: 15px 0px 0px 0px;\n}\n<\/style>\n\t<\/div>\n\n\t\n<\/div>\n\t\t<\/div>\n\n\t\t\n<style>\n#section_1761221797 {\n  padding-top: 24px;\n  padding-bottom: 24px;\n  background-color: #927d56;\n}\n#section_1761221797 .section-bg-overlay {\n  background-color: rgba(255,255,255,.5);\n}\n<\/style>\n\t<\/section>\n\t\n","protected":false},"excerpt":{"rendered":"","protected":false},"author":1,"featured_media":750,"parent":1703,"menu_order":0,"comment_status":"closed","ping_status":"closed","template":"page-blank.php","meta":{"footnotes":""},"class_list":["post-1275","page","type-page","status-publish","has-post-thumbnail","hentry"],"_links":{"self":[{"href":"https:\/\/demo.labella-consulting.de\/index.php\/wp-json\/wp\/v2\/pages\/1275","targetHints":{"allow":["GET"]}}],"collection":[{"href":"https:\/\/demo.labella-consulting.de\/index.php\/wp-json\/wp\/v2\/pages"}],"about":[{"href":"https:\/\/demo.labella-consulting.de\/index.php\/wp-json\/wp\/v2\/types\/page"}],"author":[{"embeddable":true,"href":"https:\/\/demo.labella-consulting.de\/index.php\/wp-json\/wp\/v2\/users\/1"}],"replies":[{"embeddable":true,"href":"https:\/\/demo.labella-consulting.de\/index.php\/wp-json\/wp\/v2\/comments?post=1275"}],"version-history":[{"count":18,"href":"https:\/\/demo.labella-consulting.de\/index.php\/wp-json\/wp\/v2\/pages\/1275\/revisions"}],"predecessor-version":[{"id":2588,"href":"https:\/\/demo.labella-consulting.de\/index.php\/wp-json\/wp\/v2\/pages\/1275\/revisions\/2588"}],"up":[{"embeddable":true,"href":"https:\/\/demo.labella-consulting.de\/index.php\/wp-json\/wp\/v2\/pages\/1703"}],"wp:featuredmedia":[{"embeddable":true,"href":"https:\/\/demo.labella-consulting.de\/index.php\/wp-json\/wp\/v2\/media\/750"}],"wp:attachment":[{"href":"https:\/\/demo.labella-consulting.de\/index.php\/wp-json\/wp\/v2\/media?parent=1275"}],"curies":[{"name":"wp","href":"https:\/\/api.w.org\/{rel}","templated":true}]}}