{"id":1273,"date":"2024-07-02T07:38:58","date_gmt":"2024-07-02T07:38:58","guid":{"rendered":"http:\/\/192.168.0.235:10004\/?page_id=1273"},"modified":"2025-08-04T09:47:40","modified_gmt":"2025-08-04T09:47:40","slug":"psychologische-einzelberatung","status":"publish","type":"page","link":"https:\/\/demo.labella-consulting.de\/index.php\/beratungsangebot\/psychologische-einzelberatung\/","title":{"rendered":"Psychologische Einzelberatung"},"content":{"rendered":"\n\t<section class=\"section\" id=\"section_255141322\">\n\t\t<div class=\"section-bg fill\" >\n\t\t\t\t\t\t\t<div class=\"video-overlay no-click fill visible\"><\/div>\n\t<video class=\"video-bg fill visible\" preload playsinline autoplay muted loop>\n\t\t<source src=\"https:\/\/demo.labella-consulting.de\/wp-content\/uploads\/2025\/08\/professional-therapist-online-teacher-or-psychologist-making-notes-during-conversat-SBV-346997204-HD.mp4\" type=\"video\/mp4\">\t<\/video>\n\t\t\t<div class=\"section-bg-overlay absolute fill\"><\/div>\n\t\t\t\n\n\t\t<\/div>\n\n\t\t\n\n\t\t<div class=\"section-content relative\">\n\t\t\t\n<div class=\"row\"  id=\"row-1500187052\">\n\n\t<div id=\"col-1957312801\" class=\"col small-12 large-12\"  >\n\t\t\t\t<div class=\"col-inner\"  >\n\t\t\t\n\t\t\t\n\t<div id=\"text-2025165492\" class=\"text\">\n\t\t\n<h1 class=\"thin-font uppercase\"><span style=\"font-size: 100%;\">Psychologische Einzelberatung \u2013 <br \/>Online &amp; vertraulich<\/span><\/h1>\n\t\t\n<style>\n#text-2025165492 {\n  text-align: center;\n  color: rgb(255,255,255);\n}\n#text-2025165492 > * {\n  color: rgb(255,255,255);\n}\n<\/style>\n\t<\/div>\n\t\n\t\t<\/div>\n\t\t\t\t\t<\/div>\n\n\t\n<\/div>\n\t\t<\/div>\n\n\t\t\n<style>\n#section_255141322 {\n  padding-top: 31px;\n  padding-bottom: 31px;\n  min-height: 300px;\n}\n#section_255141322 .section-bg-overlay {\n  background-color: rgba(0,0,0,.5);\n}\n@media (min-width:550px) {\n  #section_255141322 {\n    min-height: 400px;\n  }\n}\n@media (min-width:850px) {\n  #section_255141322 {\n    min-height: 564px;\n  }\n}\n<\/style>\n\t<\/section>\n\t\n\n\t<section class=\"section\" id=\"section_607575852\">\n\t\t<div class=\"section-bg fill\" >\n\t\t\t\t\t\t\t\t\t\n\t\t\t\n\n\t\t<\/div>\n\n\t\t\n\n\t\t<div class=\"section-content relative\">\n\t\t\t\n<div class=\"row align-center\"  id=\"row-1792503639\">\n\n\t<div id=\"col-1892845906\" class=\"col medium-12 small-12 large-6\"  >\n\t\t\t\t<div class=\"col-inner\" style=\"background-color:rgb(241, 241, 241);\" >\n\t\t\t\n\t<div class=\"is-border\"\n\t\tstyle=\"border-color:rgba(146, 125, 86, 0.384);border-width:10px 0px 0px 0px;\">\n\t<\/div>\n\t\t\t\n\t<div id=\"text-565381913\" class=\"text\">\n\t\t\n<p><strong>Unser Beratungsangebot: Deine Unterst\u00fctzung f\u00fcr seelische Gesundheit<\/strong><br \/>\n\t\t\n<style>\n#text-565381913 {\n  font-size: 1.25rem;\n}\n<\/style>\n\t<\/div>\n\t\n<ul>\n<li class=\"bullet-arrow\"><strong>Psychologische Einzelberatung<\/strong> durch erfahrene und zertifizierte Berater:innen \u2013 individuell, empathisch, fachlich fundiert<\/li>\n<li class=\"bullet-arrow\"><strong>Professionelle Lebenshilfe<\/strong> in schwierigen Phasen: bei Trauer, Angst, Ersch\u00f6pfung oder Krisen<\/li>\n<li class=\"bullet-arrow\"><strong>Emotionale Stabilisierung<\/strong> bei akuten Belastungen \u2013 f\u00fcr mehr innere Sicherheit und Resilienz<\/li>\n<li class=\"bullet-arrow\"><strong>Kl\u00e4rung von Lebenssituationen<\/strong> mit systemischem Blick \u2013 Orientierung finden, Entscheidungen treffen<\/li>\n<li class=\"bullet-arrow\"><strong>St\u00e4rkung von Selbstwert und Selbstf\u00fcrsorge<\/strong> \u2013 f\u00fcr gesundes Selbstvertrauen und nachhaltige Lebensqualit\u00e4t<\/li>\n<li class=\"bullet-arrow\"><strong>L\u00f6sen innerer Blockaden<\/strong> \u2013 achtsame Ver\u00e4nderung von hinderlichen Denk- und Verhaltensmustern<\/li>\n<li class=\"bullet-arrow\"><strong>Umgang mit Verlust &#038; Ver\u00e4nderung<\/strong> \u2013 professionelle Begleitung in Umbruchsituationen<\/li>\n<li class=\"bullet-arrow\"><strong>Neue Perspektiven entwickeln<\/strong> \u2013 individuelle Ziele erkennen und konkrete Schritte f\u00fcr die Zukunft gestalten<\/li>\n<\/ul>\n<p style=\"font-weight:bold;margin-top:20px;\">ab 60\u202f\u20ac \/ mit Mitgliedschaft<\/p>\n\t\t<\/div>\n\t\t\t\t\n<style>\n#col-1892845906 > .col-inner {\n  padding: 15% 10% 5% 10%;\n  margin: 0 0px 0px 0px;\n}\n@media (min-width:550px) {\n  #col-1892845906 > .col-inner {\n    padding: 10% 10% 8% 10%;\n  }\n}\n@media (min-width:850px) {\n  #col-1892845906 > .col-inner {\n    padding: 15% 15% 10% 15%;\n    margin: -172px 0px 0px 0px;\n  }\n}\n<\/style>\n\t<\/div>\n\n\t\n\n\t<div id=\"col-2122242078\" class=\"col medium-12 small-12 large-6\"  >\n\t\t\t\t<div class=\"col-inner\"  >\n\t\t\t\n\t\t\t\n\t<div id=\"gap-1108131505\" class=\"gap-element clearfix\" style=\"display:block; height:auto;\">\n\t\t\n<style>\n#gap-1108131505 {\n  padding-top: 10px;\n}\n@media (min-width:550px) {\n  #gap-1108131505 {\n    padding-top: 20px;\n  }\n}\n@media (min-width:850px) {\n  #gap-1108131505 {\n    padding-top: 30px;\n  }\n}\n<\/style>\n\t<\/div>\n\t\n\t<div id=\"text-2551380356\" class=\"text\">\n\t\t\n<h2>Vertrauensvolle psychologische Online-Beratung von AFMG.at<\/h2>\n\t\t\n<style>\n#text-2551380356 {\n  font-size: 1rem;\n}\n<\/style>\n\t<\/div>\n\t\n<p>Du steckst in einer herausfordernden Lebensphase, f\u00fchlst dich \u00fcberfordert, traurig, \u00e4ngstlich oder einfach blockiert? Dann bist du bei uns genau richtig. Unsere zertifizierten psychologischen Berater:innen nehmen sich Zeit f\u00fcr dich und begleiten dich online auf deinem Weg zu mehr Klarheit, emotionaler Stabilit\u00e4t und echter Lebensfreude \u2013 unabh\u00e4ngig davon, wo du gerade stehst.<\/p>\n<p>Wir verbinden neueste wissenschaftliche Erkenntnisse aus der Psychologie mit langj\u00e4hriger Beratungserfahrung. So erh\u00e4ltst du professionelle Unterst\u00fctzung, die auf deine individuelle Situation zugeschnitten ist \u2013 egal, ob du neue Perspektiven suchst, aktuelle Belastungen bew\u00e4ltigen m\u00f6chtest oder aktiv an deinem pers\u00f6nlichen Wachstum arbeiten willst.<\/p>\n<p><strong>Du kannst ganz einfach und sicher von zu Hause aus teilnehmen \u2013 anonym, flexibel und vertraulich.<\/strong> Unsere Online-Beratung bietet dir einen gesch\u00fctzten Raum, in dem du offen \u00fcber alles sprechen kannst, was dich bewegt. Diskretion, Empathie und echtes Interesse an deinem Wohl stehen f\u00fcr uns an erster Stelle.<\/p>\n<p>Nutze die Chance, neue Kraft zu tanken, deine innere Balance zur\u00fcckzugewinnen und konkrete L\u00f6sungen f\u00fcr deine Anliegen zu entwickeln. Buche jetzt deine psychologische Einzelberatung bei AFMG.at \u2013 unser Team steht bereit, dich auf deinem Weg zu unterst\u00fctzen und gemeinsam mit dir positive Ver\u00e4nderungen anzusto\u00dfen.<\/p>\n<p><strong>Warte nicht l\u00e4nger \u2013 sichere dir jetzt einen Termin f\u00fcr deine Online-Beratung und starte in ein erf\u00fcllteres Leben!<\/strong><\/p>\n<a href=\"#kontakt\" class=\"button primary\" style=\"border-radius:18px;\">\n\t\t<span>Jetzt Termin anfragen<\/span>\n\t<\/a>\n\n\t\t<\/div>\n\t\t\t\t\n<style>\n#col-2122242078 > .col-inner {\n  padding: 0px 10% 0px 0px;\n}\n<\/style>\n\t<\/div>\n\n\t\n<\/div>\n\t\t<\/div>\n\n\t\t\n<style>\n#section_607575852 {\n  padding-top: 30px;\n  padding-bottom: 30px;\n}\n<\/style>\n\t<\/section>\n\t\n\n\t<section class=\"section\" id=\"section_1071110197\">\n\t\t<div class=\"section-bg fill\" >\n\t\t\t\t\t\t\t\t\t\n\t\t\t\n\n\t\t<\/div>\n\n\t\t\n\n\t\t<div class=\"section-content relative\">\n\t\t\t\n<div class=\"row\"  id=\"row-46485225\">\n\n\t<div id=\"col-1191329843\" class=\"col small-12 large-12\"  >\n\t\t\t\t<div class=\"col-inner\"  >\n\t\t\t\n\t\t\t\n<h1>Deine Vorteile \u2013 Psychologische Beratung mit Qualit\u00e4t &#038; Vertrauen<\/h1>\n<ul>\n<li>Individuelle Einzelberatung in belastenden Lebenssituationen durch erfahrene Expert:innen<\/li>\n<li>St\u00e4rkung deiner mentalen Gesundheit und pers\u00f6nlicher Ressourcen<\/li>\n<li>Vertrauliche, anonyme und sichere Online-Beratung<\/li>\n<li>Flexible Terminvereinbarung, auch abends &#038; samstags<\/li>\n<li>Fachkundige Begleitung auf Basis wissenschaftlich anerkannter Methoden<\/li>\n<li>Nachhaltige Unterst\u00fctzung f\u00fcr emotionale Stabilit\u00e4t, Selbstwert und Resilienz<\/li>\n<li>Transparente Preise und faire Mitgliedschaftsmodelle<\/li>\n<\/ul>\n\t\t<\/div>\n\t\t\t\t\t<\/div>\n\n\t\n\n<style>\n#row-46485225 > .col > .col-inner {\n  padding: 56px 0px 0px 0px;\n}\n<\/style>\n<\/div>\n\t\t<\/div>\n\n\t\t\n<style>\n#section_1071110197 {\n  padding-top: 23px;\n  padding-bottom: 23px;\n  background-color: rgb(247, 246, 246);\n}\n<\/style>\n\t<\/section>\n\t\n\n\t<section class=\"section dark\" id=\"section_1530156424\">\n\t\t<div class=\"section-bg fill\" >\n\t\t\t\t\t\t\t\t\t\n\t\t\t\n\n\t\t<\/div>\n\n\t\t\n\n\t\t<div class=\"section-content relative\">\n\t\t\t\n\t<div id=\"gap-1906853018\" class=\"gap-element clearfix\" style=\"display:block; height:auto;\">\n\t\t\n<style>\n#gap-1906853018 {\n  padding-top: 30px;\n}\n<\/style>\n\t<\/div>\n\t\n<div class=\"row\"  id=\"row-463996426\">\n\n\t<div id=\"col-1277443488\" class=\"col medium-6 small-12 large-6\"  >\n\t\t\t\t<div class=\"col-inner\"  >\n\t\t\t\n\t\t\t\n<div class=\"accordion\">\n\t<div id=\"accordion-2953708401\" class=\"accordion-item\">\n\t\t<a id=\"accordion-2953708401-label\" class=\"accordion-title plain\" href=\"#accordion-item-f\u00fcr-wen-ist-die-psychologische-einzelberatung-geeignet?\" aria-expanded=\"false\" aria-controls=\"accordion-2953708401-content\">\n\t\t\t<button class=\"toggle\" aria-label=\"Umschalten\"><i class=\"icon-angle-down\" aria-hidden=\"true\"><\/i><\/button>\n\t\t\t<span>F\u00fcr wen ist die psychologische Einzelberatung geeignet?<\/span>\n\t\t<\/a>\n\t\t<div id=\"accordion-2953708401-content\" class=\"accordion-inner\" aria-labelledby=\"accordion-2953708401-label\">\n\t\t\t\n<p>Unsere psychologische Beratung richtet sich an alle, die Unterst\u00fctzung in herausfordernden Lebenssituationen suchen \u2013 bei Stress, Angst, Trauer, Beziehungskrisen oder pers\u00f6nlichem Wachstum. Ein fachlicher Nachweis oder eine Diagnose ist nicht erforderlich.<\/p>\n\t\t<\/div>\n\t<\/div>\n\t\n\t<div id=\"accordion-1260382775\" class=\"accordion-item\">\n\t\t<a id=\"accordion-1260382775-label\" class=\"accordion-title plain\" href=\"#accordion-item-was-erwartet-mich-in-der-beratung?\" aria-expanded=\"false\" aria-controls=\"accordion-1260382775-content\">\n\t\t\t<button class=\"toggle\" aria-label=\"Umschalten\"><i class=\"icon-angle-down\" aria-hidden=\"true\"><\/i><\/button>\n\t\t\t<span>Was erwartet mich in der Beratung?<\/span>\n\t\t<\/a>\n\t\t<div id=\"accordion-1260382775-content\" class=\"accordion-inner\" aria-labelledby=\"accordion-1260382775-label\">\n\t\t\t\n<p>Du erh\u00e4ltst professionelle Begleitung durch erfahrene Berater:innen, die dich empathisch unterst\u00fctzen, Klarheit schaffen und mit dir gemeinsam L\u00f6sungen erarbeiten. Deine Privatsph\u00e4re ist jederzeit gesch\u00fctzt.<\/p>\n\t\t<\/div>\n\t<\/div>\n\t\n\t<div id=\"accordion-2941495495\" class=\"accordion-item\">\n\t\t<a id=\"accordion-2941495495-label\" class=\"accordion-title plain\" href=\"#accordion-item-wie-lange-dauert-eine-beratungseinheit?\" aria-expanded=\"false\" aria-controls=\"accordion-2941495495-content\">\n\t\t\t<button class=\"toggle\" aria-label=\"Umschalten\"><i class=\"icon-angle-down\" aria-hidden=\"true\"><\/i><\/button>\n\t\t\t<span>Wie lange dauert eine Beratungseinheit?<\/span>\n\t\t<\/a>\n\t\t<div id=\"accordion-2941495495-content\" class=\"accordion-inner\" aria-labelledby=\"accordion-2941495495-label\">\n\t\t\t\n<p>Eine Beratungseinheit dauert 50 Minuten (Tagesmitgliedschaft) oder 30 Minuten (Jahres- und F\u00f6rdermitgliedschaft) \u2013 flexibel und unkompliziert online buchbar.<\/p>\n\t\t<\/div>\n\t<\/div>\n\t\n\t<div id=\"accordion-2353114238\" class=\"accordion-item\">\n\t\t<a id=\"accordion-2353114238-label\" class=\"accordion-title plain\" href=\"#accordion-item-ist-die-beratung-online-m\u00f6glich?\" aria-expanded=\"false\" aria-controls=\"accordion-2353114238-content\">\n\t\t\t<button class=\"toggle\" aria-label=\"Umschalten\"><i class=\"icon-angle-down\" aria-hidden=\"true\"><\/i><\/button>\n\t\t\t<span>Ist die Beratung online m\u00f6glich?<\/span>\n\t\t<\/a>\n\t\t<div id=\"accordion-2353114238-content\" class=\"accordion-inner\" aria-labelledby=\"accordion-2353114238-label\">\n\t\t\t\n<p>Ja, alle Beratungen finden online per sicherem Videocall statt \u2013 du kannst bequem von \u00fcberall teilnehmen.<\/p>\n\t\t<\/div>\n\t<\/div>\n\t\n<\/div>\n\t\t<\/div>\n\t\t\t\t\t<\/div>\n\n\t\n\n\t<div id=\"col-1407332645\" class=\"col medium-6 small-12 large-6\"  >\n\t\t\t\t<div class=\"col-inner\"  >\n\t\t\t\n\t\t\t\n<div class=\"accordion\">\n\t<div id=\"accordion-6656679\" class=\"accordion-item\">\n\t\t<a id=\"accordion-6656679-label\" class=\"accordion-title plain\" href=\"#accordion-item-wie-buche-ich-einen-termin?\" aria-expanded=\"false\" aria-controls=\"accordion-6656679-content\">\n\t\t\t<button class=\"toggle\" aria-label=\"Umschalten\"><i class=\"icon-angle-down\" aria-hidden=\"true\"><\/i><\/button>\n\t\t\t<span>Wie buche ich einen Termin?<\/span>\n\t\t<\/a>\n\t\t<div id=\"accordion-6656679-content\" class=\"accordion-inner\" aria-labelledby=\"accordion-6656679-label\">\n\t\t\t\n<p>Sende uns einfach eine E-Mail an <a href=\"mailto:cb@afmg.at\">cb@afmg.at<\/a> f\u00fcr eine Tagesmitgliedschaft. Nach der Jahresmitgliedschaft kannst du selbstst\u00e4ndig online Termine buchen.<\/p>\n\t\t<\/div>\n\t<\/div>\n\t\n\t<div id=\"accordion-3098128910\" class=\"accordion-item\">\n\t\t<a id=\"accordion-3098128910-label\" class=\"accordion-title plain\" href=\"#accordion-item-ist-meine-beratung-anonym-und-vertraulich?\" aria-expanded=\"false\" aria-controls=\"accordion-3098128910-content\">\n\t\t\t<button class=\"toggle\" aria-label=\"Umschalten\"><i class=\"icon-angle-down\" aria-hidden=\"true\"><\/i><\/button>\n\t\t\t<span>Ist meine Beratung anonym und vertraulich?<\/span>\n\t\t<\/a>\n\t\t<div id=\"accordion-3098128910-content\" class=\"accordion-inner\" aria-labelledby=\"accordion-3098128910-label\">\n\t\t\t\n<p>Absolut! Diskretion und Datenschutz haben bei uns oberste Priorit\u00e4t. Deine Daten und Gespr\u00e4che werden streng vertraulich behandelt und unterliegen der Schweigepflicht.<\/p>\n\t\t<\/div>\n\t<\/div>\n\t\n\t<div id=\"accordion-3289100013\" class=\"accordion-item\">\n\t\t<a id=\"accordion-3289100013-label\" class=\"accordion-title plain\" href=\"#accordion-item-wann-sind-termine-m\u00f6glich?\" aria-expanded=\"false\" aria-controls=\"accordion-3289100013-content\">\n\t\t\t<button class=\"toggle\" aria-label=\"Umschalten\"><i class=\"icon-angle-down\" aria-hidden=\"true\"><\/i><\/button>\n\t\t\t<span>Wann sind Termine m\u00f6glich?<\/span>\n\t\t<\/a>\n\t\t<div id=\"accordion-3289100013-content\" class=\"accordion-inner\" aria-labelledby=\"accordion-3289100013-label\">\n\t\t\t\n<p>Unsere Berater:innen sind f\u00fcr dich da: Mo\u2013Sa 8:00\u202f\u2013\u202f19:00 Uhr, Sonntag nach Vereinbarung. Schnelle Terminvergabe m\u00f6glich!<\/p>\n\t\t<\/div>\n\t<\/div>\n\t\n\t<div id=\"accordion-3289512227\" class=\"accordion-item\">\n\t\t<a id=\"accordion-3289512227-label\" class=\"accordion-title plain\" href=\"#accordion-item-noch-fragen?\" aria-expanded=\"false\" aria-controls=\"accordion-3289512227-content\">\n\t\t\t<button class=\"toggle\" aria-label=\"Umschalten\"><i class=\"icon-angle-down\" aria-hidden=\"true\"><\/i><\/button>\n\t\t\t<span>Noch Fragen?<\/span>\n\t\t<\/a>\n\t\t<div id=\"accordion-3289512227-content\" class=\"accordion-inner\" aria-labelledby=\"accordion-3289512227-label\">\n\t\t\t\n<p>Kontaktiere uns gerne jederzeit unter <a href=\"mailto:cb@afmg.at\">cb@afmg.at<\/a> oder telefonisch: +43 0000<\/p>\n\t\t<\/div>\n\t<\/div>\n\t\n<\/div>\n\t\t<\/div>\n\t\t\t\t\t<\/div>\n\n\t\n<\/div>\n\t\t<\/div>\n\n\t\t\n<style>\n#section_1530156424 {\n  padding-top: 30px;\n  padding-bottom: 30px;\n  background-color: #876bcd;\n}\n<\/style>\n\t<\/section>\n\t\n\n\t<section class=\"section\" id=\"section_947662664\">\n\t\t<div class=\"section-bg fill\" >\n\t\t\t\t\t\t\t\t\t\n\t\t\t\n\n\t\t<\/div>\n\n\t\t\n\n\t\t<div class=\"section-content relative\">\n\t\t\t\n\t<div id=\"gap-878309752\" class=\"gap-element clearfix\" style=\"display:block; height:auto;\">\n\t\t\n<style>\n#gap-878309752 {\n  padding-top: 30px;\n}\n<\/style>\n\t<\/div>\n\t\n<div class=\"row row-large\"  id=\"row-1713522226\">\n\n\t<div id=\"col-1656366194\" class=\"col small-12 large-12\"  >\n\t\t\t\t<div class=\"col-inner\"  >\n\t\t\t\n\t\t\t\n<h1>Psychologische Online-Beratung: Hilfe, die wirkt<\/h1>\n<p>Bei AFMG.at findest du professionelle psychologische Online-Beratung durch zertifizierte Expert:innen. Unser Ziel ist es, deine mentale Gesundheit zu st\u00e4rken, neue Perspektiven zu entwickeln und dich dabei zu unterst\u00fctzen, Lebenskrisen zu bew\u00e4ltigen. Die Kombination aus wissenschaftlich fundierten Methoden, langj\u00e4hriger Beratungserfahrung und menschlicher Empathie sorgt f\u00fcr eine hohe Wirksamkeit unserer Angebote.<\/p>\n<h2>Warum unsere psychologische Beratung w\u00e4hlen?<\/h2>\n<ul>\n<li>Fachliche Expertise, Empathie und Erfahrung \u2013 f\u00fcr nachhaltige Ergebnisse<\/li>\n<li>Individuelle Beratung f\u00fcr deine Lebenssituation<\/li>\n<li>Absolute Vertraulichkeit und Datenschutz<\/li>\n<li>Flexible Online-Termine \u2013 ortsunabh\u00e4ngig und zeitsparend<\/li>\n<li>Beratung und Lebenshilfe auf Basis neuester Erkenntnisse aus Psychologie und Coaching<\/li>\n<\/ul>\n<p>\nUnsere Beratung ist eine wertvolle Unterst\u00fctzung zur Lebensbew\u00e4ltigung und Pr\u00e4vention, ersetzt aber keine Psychotherapie oder medizinische Behandlung. Sie richtet sich an Menschen, die aktiv an ihrer Entwicklung und ihrem Wohlbefinden arbeiten m\u00f6chten.\n<\/p>\n<p>\nNoch Fragen? Schreibe uns an <a href=\"mailto:cb@afmg.at\">cb@afmg.at<\/a> \u2013 wir helfen dir gern weiter!<\/p>\n\t\t<\/div>\n\t\t\t\t\t<\/div>\n\n\t\n<\/div>\n\t\t<\/div>\n\n\t\t\n<style>\n#section_947662664 {\n  padding-top: 26px;\n  padding-bottom: 26px;\n  background-color: rgb(255,255,255);\n}\n<\/style>\n\t<\/section>\n\t\n\n\t<section class=\"section dark has-mask mask-angled-large\" id=\"section_109621110\">\n\t\t<div class=\"section-bg fill\" >\n\t\t\t\t\t\t\t\t\t<div class=\"section-bg-overlay absolute fill\"><\/div>\n\t\t\t\n\n\t\t<\/div>\n\n\t\t\n\n\t\t<div class=\"section-content relative\">\n\t\t\t\n\t<div id=\"gap-1819720820\" class=\"gap-element clearfix\" style=\"display:block; height:auto;\">\n\t\t\n<style>\n#gap-1819720820 {\n  padding-top: 60px;\n}\n@media (min-width:550px) {\n  #gap-1819720820 {\n    padding-top: 49px;\n  }\n}\n<\/style>\n\t<\/div>\n\t\n<div class=\"row row-small align-center\"  id=\"row-980942089\">\n\n\t<div id=\"col-1293482668\" class=\"col medium-10 small-12 large-8\"  >\n\t\t\t\t<div class=\"col-inner\"  >\n\t\t\t\n\t\t\t\n\t<div id=\"text-4023467417\" class=\"text\">\n\t\t\n<h1>Jetzt psychologische Beratung anfragen &amp; mehr Lebensqualit\u00e4t gewinnen!<\/h1>\n\t\t\n<style>\n#text-4023467417 {\n  color: rgb(92, 92, 92);\n}\n#text-4023467417 > * {\n  color: rgb(92, 92, 92);\n}\n<\/style>\n\t<\/div>\n\t\n\t\t<\/div>\n\t\t\t\t\n<style>\n#col-1293482668 > .col-inner {\n  padding: 15px 0px 0px 0px;\n}\n<\/style>\n\t<\/div>\n\n\t\n\n\t<div id=\"col-546258451\" class=\"col medium-10 small-12 large-4\"  >\n\t\t\t\t<div class=\"col-inner\"  >\n\t\t\t\n\t\t\t\n<a data-animate=\"flipInY\" href=\"\/kontakt\" class=\"button secondary is-gloss is-large box-shadow-1 box-shadow-5-hover\" style=\"border-radius:10px;\">\n\t\t<span>Informationen anfragen<\/span>\n\t<\/a>\n\n\t\t<\/div>\n\t\t\t\t\n<style>\n#col-546258451 > .col-inner {\n  padding: 15px 0px 0px 0px;\n}\n<\/style>\n\t<\/div>\n\n\t\n<\/div>\n\t\t<\/div>\n\n\t\t\n<style>\n#section_109621110 {\n  padding-top: 24px;\n  padding-bottom: 24px;\n  background-color: #927d56;\n}\n#section_109621110 .section-bg-overlay {\n  background-color: rgba(255,255,255,.5);\n}\n<\/style>\n\t<\/section>\n\t\n","protected":false},"excerpt":{"rendered":"","protected":false},"author":1,"featured_media":2415,"parent":1703,"menu_order":0,"comment_status":"closed","ping_status":"closed","template":"page-blank.php","meta":{"footnotes":""},"class_list":["post-1273","page","type-page","status-publish","has-post-thumbnail","hentry"],"_links":{"self":[{"href":"https:\/\/demo.labella-consulting.de\/index.php\/wp-json\/wp\/v2\/pages\/1273","targetHints":{"allow":["GET"]}}],"collection":[{"href":"https:\/\/demo.labella-consulting.de\/index.php\/wp-json\/wp\/v2\/pages"}],"about":[{"href":"https:\/\/demo.labella-consulting.de\/index.php\/wp-json\/wp\/v2\/types\/page"}],"author":[{"embeddable":true,"href":"https:\/\/demo.labella-consulting.de\/index.php\/wp-json\/wp\/v2\/users\/1"}],"replies":[{"embeddable":true,"href":"https:\/\/demo.labella-consulting.de\/index.php\/wp-json\/wp\/v2\/comments?post=1273"}],"version-history":[{"count":21,"href":"https:\/\/demo.labella-consulting.de\/index.php\/wp-json\/wp\/v2\/pages\/1273\/revisions"}],"predecessor-version":[{"id":2583,"href":"https:\/\/demo.labella-consulting.de\/index.php\/wp-json\/wp\/v2\/pages\/1273\/revisions\/2583"}],"up":[{"embeddable":true,"href":"https:\/\/demo.labella-consulting.de\/index.php\/wp-json\/wp\/v2\/pages\/1703"}],"wp:featuredmedia":[{"embeddable":true,"href":"https:\/\/demo.labella-consulting.de\/index.php\/wp-json\/wp\/v2\/media\/2415"}],"wp:attachment":[{"href":"https:\/\/demo.labella-consulting.de\/index.php\/wp-json\/wp\/v2\/media?parent=1273"}],"curies":[{"name":"wp","href":"https:\/\/api.w.org\/{rel}","templated":true}]}}